{"id":1056,"date":"2020-03-16T18:45:31","date_gmt":"2020-03-16T18:45:31","guid":{"rendered":"https:\/\/calusacusac.usac.edu.gt\/?page_id=1056"},"modified":"2023-06-17T22:31:47","modified_gmt":"2023-06-17T22:31:47","slug":"infousac-2020","status":"publish","type":"page","link":"https:\/\/calusacusac.usac.edu.gt\/index.php\/infousac-2020\/","title":{"rendered":"INFOUSAC 2023"},"content":{"rendered":"\n<h3 class=\"wp-block-heading\"><strong>Idiomas que ofrecemos <\/strong><\/h3>\n\n\n\n<figure class=\"wp-block-image size-large\"><img loading=\"lazy\" decoding=\"async\" width=\"796\" height=\"318\" src=\"https:\/\/calusacusac.usac.edu.gt\/wp-content\/uploads\/2020\/03\/idiomas-que-ofrecemos.jpg\" alt=\"\" class=\"wp-image-1057\" srcset=\"https:\/\/calusacusac.usac.edu.gt\/wp-content\/uploads\/2020\/03\/idiomas-que-ofrecemos.jpg 796w, https:\/\/calusacusac.usac.edu.gt\/wp-content\/uploads\/2020\/03\/idiomas-que-ofrecemos-300x120.jpg 300w, https:\/\/calusacusac.usac.edu.gt\/wp-content\/uploads\/2020\/03\/idiomas-que-ofrecemos-768x307.jpg 768w\" sizes=\"(max-width: 796px) 100vw, 796px\" \/><\/figure>\n\n\n\n<h3 class=\"wp-block-heading\"><strong>Cursos que ofrecemos <\/strong><\/h3>\n\n\n\n<ul class=\"wp-block-list\"><li><strong>Cursos presenciales<\/strong><ul><li><strong>Bimestrales:<\/strong> duraci\u00f3n de dos meses, cuatro en el a\u00f1o. <br>Disponibles para todos los idiomas.<\/li><li><strong>Intensivos:<\/strong> duraci\u00f3n de un mes, ocho en el a\u00f1o. <br>\u00danicamente para el idioma ingl\u00e9s, franc\u00e9s, alem\u00e1n e italiano.<\/li><li><strong>Superintensivos<\/strong>: cursos con el contenido de dos intensivos con duraci\u00f3n de un mes, seis al a\u00f1o.<\/li><li><strong>Especiales para facultades:<\/strong> la programaci\u00f3n y temporalidad del curso depende del convenio que se tenga con la Unidad Acad\u00e9mica.<\/li><li><strong>Curso de vacaciones:<\/strong> programado \u00fanicamente en el mes de noviembre, se ofrecen varios idiomas.<\/li><\/ul><\/li><\/ul>\n\n\n\n<ul class=\"wp-block-list\"><li><strong>Cursos virtuales (en l\u00ednea)<\/strong><ul><li><strong>Bimestrales: <\/strong>duraci\u00f3n de dos meses, cuatro en el a\u00f1o. \u00danicamente para el idioma ingl\u00e9s.<\/li><li><strong>Intensivos:<\/strong> duraci\u00f3n de un mes, ocho en el a\u00f1o. <br>\u00danicamente para el idioma ingl\u00e9s.<\/li><\/ul><\/li><\/ul>\n\n\n\n<h3 class=\"wp-block-heading\"><strong>Valor de los cursos <\/strong><\/h3>\n\n\n\n<figure class=\"wp-block-image size-large\"><img loading=\"lazy\" decoding=\"async\" width=\"640\" height=\"1024\" src=\"https:\/\/calusacusac.usac.edu.gt\/wp-content\/uploads\/2020\/03\/valor-cursos-CALUSAC-640x1024.jpg\" alt=\"\" class=\"wp-image-1059\" srcset=\"https:\/\/calusacusac.usac.edu.gt\/wp-content\/uploads\/2020\/03\/valor-cursos-CALUSAC-640x1024.jpg 640w, https:\/\/calusacusac.usac.edu.gt\/wp-content\/uploads\/2020\/03\/valor-cursos-CALUSAC-188x300.jpg 188w, https:\/\/calusacusac.usac.edu.gt\/wp-content\/uploads\/2020\/03\/valor-cursos-CALUSAC-768x1229.jpg 768w, https:\/\/calusacusac.usac.edu.gt\/wp-content\/uploads\/2020\/03\/valor-cursos-CALUSAC-960x1536.jpg 960w, https:\/\/calusacusac.usac.edu.gt\/wp-content\/uploads\/2020\/03\/valor-cursos-CALUSAC-1280x2048.jpg 1280w, https:\/\/calusacusac.usac.edu.gt\/wp-content\/uploads\/2020\/03\/valor-cursos-CALUSAC-scaled.jpg 1600w\" sizes=\"(max-width: 640px) 100vw, 640px\" \/><\/figure>\n\n\n\n<h3 class=\"wp-block-heading\"><strong>Proceso de Inscripci\u00f3n<\/strong><\/h3>\n\n\n\n<ul class=\"wp-block-list\"><li><a href=\"https:\/\/calusacusac.usac.edu.gt\/index.php\/proceso\/\"><strong>Cursos presenciales<\/strong><\/a><\/li><li><strong><a href=\"http:\/\/calusacvirtual.usac.edu.gt\/\">Cursos virtuales<\/a><\/strong><\/li><\/ul>\n\n\n\n<h3 class=\"wp-block-heading\"><strong>Requisitos de Inscripci\u00f3n <\/strong><\/h3>\n\n\n\n<ul class=\"wp-block-list\"><li><strong><a href=\"https:\/\/calusacusac.usac.edu.gt\/index.php\/requisitos-de-inscripcion\/\">Cursos presenciales<\/a><\/strong><\/li><li><strong><a href=\"http:\/\/calusacvirtual.usac.edu.gt\/\">Cursos virtuales<\/a><\/strong><\/li><\/ul>\n\n\n\n<h3 class=\"wp-block-heading\"><strong>Ex\u00e1menes<\/strong><\/h3>\n\n\n\n<ul class=\"wp-block-list\"><li><strong>EXAMEN DE UBICACI\u00d3N <\/strong><\/li><\/ul>\n\n\n\n<p>Este examen no es de admisi\u00f3n para estudiar en\nCALUSAC. Es \u00fanicamente para aquellos estudiantes (adultos y adolescentes) que\ntienen conocimiento del idioma y no quieren empezar en el nivel 1. <\/p>\n\n\n\n<p><strong>El valor del examen es de Q50.00<\/strong><br><strong>Tiene una vigencia de dos a\u00f1os<\/strong><\/p>\n\n\n\n<p><strong>PROCESO DE REALIZAR EL EXAMEN DE UBICACI\u00d3N<\/strong><br>1. Consultar d\u00edas, horarios y sal\u00f3n del examen.<br>2. Generar orden de pago (pesta\u00f1a de Servicios).<br>3. Pagar en cualquier agencia BANRURAL, G&amp;T o BANTRAB.<br>4. Realizar examen seg\u00fan la informaci\u00f3n del paso 1. Este examen no tiene asignaci\u00f3n previa.<br>5. El d\u00eda del examen, presentar documento de identificaci\u00f3n con fotograf\u00eda y boleta de pago original cancelada. Los adolescentes deben presentar partida de nacimiento o carn\u00e9 de su centro educativo.<\/p>\n\n\n\n<ul class=\"wp-block-list\"><li><strong>EXAMEN EXTEMPOR\u00c1NEO<\/strong><\/li><\/ul>\n\n\n\n<p>Es para aquellos estudiantes\nque por razones de peso mayor no pudieron presentarse al examen final del\nbimestre.<\/p>\n\n\n\n<p><strong>Requisitos:<\/strong><br>Zona m\u00ednima de 20 pts.<br>Tener el 80% de asistencia.<br>Pago de Q.75.00. Generar orden de pago (pesta\u00f1a de Servicios).<\/p>\n\n\n\n<p>Realiza asignaci\u00f3n en Control Acad\u00e9mico.<br>Aplica \u00fanicamente para estudiantes que hayan finalizado el bimestre actual y no hayan realizado el examen final. <br>No hay examen extempor\u00e1neo para los cursos intensivos. <\/p>\n\n\n\n<p><strong>Horarios:<\/strong><br>Jornada matutina \u2013 09:00 hrs.<br>Jornada vespertina \u2013 16:00 hrs. <br>*Consultar fechas de ex\u00e1menes extempor\u00e1neos al finalizar el bimestre. <\/p>\n\n\n\n<ul class=\"wp-block-list\"><li><strong>EXAMEN DE SUFICIENCIA<\/strong><\/li><\/ul>\n\n\n\n<p>Examen para aquellos estudiantes que tienen\nconocimiento del idioma ingl\u00e9s y que desean exonerarse de estudiar en CALUSAC\ny\/o cumplir un requisito en su Unidad Acad\u00e9mica.<\/p>\n\n\n\n<p><strong>Requisitos:<\/strong><br>Fotograf\u00eda tama\u00f1o c\u00e9dula<br>Original y fotocopia del DPI<br>Original y fotocopia carn\u00e9 USAC (estudiantes USAC)<br>Pago del examen Q.155.00 y de la certificaci\u00f3n del examen Q25.00 para un total de Q180.00 Generar \u00f3rdenes de pago (pesta\u00f1a de Servicios).<\/p>\n\n\n\n<p>La asignaci\u00f3n la realiza el primer lunes de cada mes en Control Acad\u00e9mico, segundo nivel del Edificio S-13.<br><br>El d\u00eda del examen presentarse 15 minutos antes con un lapicero. Recuerde que si no se presenta el d\u00eda en el que se asign\u00f3 no puede solicitar un reembolso o reasign\u00e1rselo. Los resultados del examen se publican en la fecha indicada en la cartelera del segundo nivel del Edificio S-13.<br><br>La certificaci\u00f3n del examen de suficiencia se solicita en Direcci\u00f3n, debe presentar un timbre fiscal de Q2.00.<\/p>\n\n\n\n<h3 class=\"wp-block-heading\"><strong>Servicios Educacionales <\/strong><\/h3>\n\n\n\n<figure class=\"wp-block-image size-large\"><img loading=\"lazy\" decoding=\"async\" width=\"725\" height=\"1024\" src=\"https:\/\/calusacusac.usac.edu.gt\/wp-content\/uploads\/2020\/03\/PAGOS-CALUSAC-725x1024.jpg\" alt=\"\" class=\"wp-image-1067\" srcset=\"https:\/\/calusacusac.usac.edu.gt\/wp-content\/uploads\/2020\/03\/PAGOS-CALUSAC-725x1024.jpg 725w, https:\/\/calusacusac.usac.edu.gt\/wp-content\/uploads\/2020\/03\/PAGOS-CALUSAC-212x300.jpg 212w, https:\/\/calusacusac.usac.edu.gt\/wp-content\/uploads\/2020\/03\/PAGOS-CALUSAC-768x1085.jpg 768w, https:\/\/calusacusac.usac.edu.gt\/wp-content\/uploads\/2020\/03\/PAGOS-CALUSAC-1087x1536.jpg 1087w, https:\/\/calusacusac.usac.edu.gt\/wp-content\/uploads\/2020\/03\/PAGOS-CALUSAC-1449x2048.jpg 1449w, https:\/\/calusacusac.usac.edu.gt\/wp-content\/uploads\/2020\/03\/PAGOS-CALUSAC.jpg 1656w\" sizes=\"(max-width: 725px) 100vw, 725px\" \/><\/figure>\n\n\n\n<ul class=\"wp-block-list\"><li><strong>REPOSICI\u00d3N DE CARN\u00c9<\/strong><\/li><\/ul>\n\n\n\n<p>Realiza el tr\u00e1mite en Control Acad\u00e9mico, segundo nivel del Edificio S-13.<br>La reposici\u00f3n de carn\u00e9 se entrega el mismo d\u00eda.<\/p>\n\n\n\n<p><strong>Papeler\u00eda:<\/strong><br>Recibo de pago original cancelado (Pesta\u00f1a de Servicios).<br>Fotograf\u00eda tama\u00f1o c\u00e9dula (puede ser impresa, pero \u00fanicamente en papel fotograf\u00eda).<\/p>\n\n\n\n<p><strong>Procedimiento:<\/strong><br>1. Generar orden de pago en https:\/\/calusacusac.usac.edu.gt\/ (Pesta\u00f1a de Servicios).<br>2. Pagar en cualquier agencia BANRURAL, G&amp;T o BANTRAB.<br>3. Entregar fotograf\u00eda tama\u00f1o c\u00e9dula y recibo de pago original cancelado en Control Acad\u00e9mico (ellos le entregar\u00e1n en el momento su carn\u00e9). <\/p>\n\n\n\n<p><strong>Horario de atenci\u00f3n<\/strong>:<br>Control Acad\u00e9mico: de lunes a s\u00e1bado de 8:00 a 17:30 hrs. y domingos de 08:00 a 12:00 hrs. <br>Tesorer\u00eda: de lunes a viernes de 8:00 a 17:30 hrs. y s\u00e1bados de 8:00 a 12:30 y de 13:00 a 17:30 hrs.<\/p>\n\n\n\n<ul class=\"wp-block-list\"><li><strong>REPOSICI\u00d3N DE CONSTANCIA DE CURSO<\/strong><\/li><\/ul>\n\n\n\n<p>Realiza el tr\u00e1mite en Control Acad\u00e9mico, segundo nivel del Edificio S-13.<br>La reposici\u00f3n de constancia se entrega el mismo d\u00eda si es de alg\u00fan Centro Regional. Si es de la sede Central, aproximadamente en tres d\u00edas h\u00e1biles. &nbsp;<\/p>\n\n\n\n<p><strong>Papeler\u00eda:<\/strong><br>Recibo de pago original cancelado (Pesta\u00f1a de Servicios).<\/p>\n\n\n\n<p><strong>Procedimiento:<\/strong><br>1. Descargar e imprimir el formulario (Pesta\u00f1a Control Acad\u00e9mico). <br>2. Llenar formulario a mano (por cada nota que solicite debe llenar uno).<br>3. Generar orden de pago en https:\/\/calusacusac.usac.edu.gt\/ (Pesta\u00f1a de Servicios).<br>4. Pagar en cualquier agencia Banrural, G&amp;T o Bantrab.<br>5. Entregar formulario y recibo de pago original cancelado en Control Acad\u00e9mico (segundo nivel Edificio S-13). Ellos le indicar\u00e1n el d\u00eda de entrega de la reposici\u00f3n.<\/p>\n\n\n\n<p><strong>Horario de atenci\u00f3n<\/strong>:<br>Control Acad\u00e9mico: de lunes a s\u00e1bado de 8:00 a 17:30 hrs. y domingos de 08:00 a 12:00 hrs. <br>Tesorer\u00eda: de lunes a viernes de 8:00 a 17:30 hrs. y s\u00e1bados de 8:00 a 12:30 y de 13:00 a 17:30 hrs. <\/p>\n\n\n\n<ul class=\"wp-block-list\"><li><strong>CERTIFICACI\u00d3N DE CURSOS APROBADOS<\/strong><\/li><\/ul>\n\n\n\n<p>Realiza el tr\u00e1mite en Recepci\u00f3n, primer nivel del Edificio S-13.<br>La certificaci\u00f3n se le entrega en un plazo aproximado de 08 d\u00edas h\u00e1biles (la persona de Recepci\u00f3n le indica la fecha exacta).<\/p>\n\n\n\n<p><strong>Papeler\u00eda:<\/strong><br>Constancias de los cursos aprobados que se desea certificar. <br>Tarjeta de ubicaci\u00f3n si se realiz\u00f3 el examen.<br>Fotocopia de DPI<br>Recibo de pago original cancelado (Pesta\u00f1a de Servicios).<\/p>\n\n\n\n<p><strong>Horario de atenci\u00f3n:<\/strong><br>Centros Regionales: de lunes a s\u00e1bado de 8:00 a 12:30<br>Campus Central: de lunes a s\u00e1bado de 13:00 a 17:30 <br>Tesorer\u00eda: de lunes a viernes de 8:00 a 17:30 hrs. y s\u00e1bados de 8:00 a 12:30 y de 13:00 a 17:30 hrs.<\/p>\n\n\n\n<ul class=\"wp-block-list\"><li><strong>DIPLOMA CURSOS LIBRES<\/strong><\/li><\/ul>\n\n\n\n<p>Realiza el tr\u00e1mite en Recepci\u00f3n, primer nivel del Edificio S-13.<br>El diploma se le entrega en un plazo aproximado de 08 d\u00edas h\u00e1biles (la persona de Recepci\u00f3n le indica la fecha exacta).<\/p>\n\n\n\n<p><strong>Papeler\u00eda:<\/strong><br>Constancias de los cursos aprobados<br>Fotocopia de DPI<br>Recibo de pago original cancelado (Pesta\u00f1a de Servicios).<\/p>\n\n\n\n<p><strong>Horario de atenci\u00f3n:<\/strong><br>Centros Regionales: de lunes a s\u00e1bado de 8:00 a 12:30<br>Campus Central: de lunes a s\u00e1bado de 13:00 a 17:30 <br>Tesorer\u00eda: de lunes a viernes de 8:00 a 17:30 hrs. y s\u00e1bados de 8:00 a 12:30 y de 13:00 a 17:30 hrs.<\/p>\n\n\n\n<ul class=\"wp-block-list\"><li><strong>\u00bfC\u00d3MO COMPRO MI LIBRO?<\/strong><\/li><\/ul>\n\n\n\n<p>Top Notch 3era. Edici\u00f3n (adultos del nivel 1 al 12) <br>Valor Q200.00<br>Comprarlo en Tesorer\u00eda, primer nivel del Edificio S-13 o Pesta\u00f1a de Servicios.<\/p>\n\n\n\n<p><strong>Recuerde que cada libro de ingl\u00e9s le sirve para tres niveles. <\/strong><\/p>\n\n\n\n<p>Libros de coreano, franc\u00e9s, alem\u00e1n e italiano: consultar en el sal\u00f3n de coordinadores, segundo nivel del Edificio S-13. Para los libros de los otros idiomas consultar con el docente en clase. <\/p>\n\n\n\n<h3 class=\"wp-block-heading\"><strong>Cont\u00e1ctenos<\/strong><\/h3>\n\n\n\n<ul class=\"wp-block-list\"><li><strong>CENTROS UNIVERSITARIOS<\/strong><\/li><\/ul>\n\n\n\n<figure class=\"wp-block-image size-large\"><img loading=\"lazy\" decoding=\"async\" width=\"761\" height=\"265\" src=\"https:\/\/calusacusac.usac.edu.gt\/wp-content\/uploads\/2020\/03\/correos-regi\u00f3n-nor-oriente.jpg\" alt=\"\" class=\"wp-image-1072\" srcset=\"https:\/\/calusacusac.usac.edu.gt\/wp-content\/uploads\/2020\/03\/correos-regi\u00f3n-nor-oriente.jpg 761w, https:\/\/calusacusac.usac.edu.gt\/wp-content\/uploads\/2020\/03\/correos-regi\u00f3n-nor-oriente-300x104.jpg 300w\" sizes=\"(max-width: 761px) 100vw, 761px\" \/><\/figure>\n\n\n\n<figure class=\"wp-block-image size-large\"><img loading=\"lazy\" decoding=\"async\" width=\"761\" height=\"243\" src=\"https:\/\/calusacusac.usac.edu.gt\/wp-content\/uploads\/2020\/03\/correos-regi\u00f3n-occidente.jpg\" alt=\"\" class=\"wp-image-1074\" srcset=\"https:\/\/calusacusac.usac.edu.gt\/wp-content\/uploads\/2020\/03\/correos-regi\u00f3n-occidente.jpg 761w, https:\/\/calusacusac.usac.edu.gt\/wp-content\/uploads\/2020\/03\/correos-regi\u00f3n-occidente-300x96.jpg 300w\" sizes=\"(max-width: 761px) 100vw, 761px\" \/><\/figure>\n\n\n\n<figure class=\"wp-block-image size-large\"><img loading=\"lazy\" decoding=\"async\" width=\"761\" height=\"233\" src=\"https:\/\/calusacusac.usac.edu.gt\/wp-content\/uploads\/2020\/03\/correos-regi\u00f3n-central.jpg\" alt=\"\" class=\"wp-image-1075\" srcset=\"https:\/\/calusacusac.usac.edu.gt\/wp-content\/uploads\/2020\/03\/correos-regi\u00f3n-central.jpg 761w, https:\/\/calusacusac.usac.edu.gt\/wp-content\/uploads\/2020\/03\/correos-regi\u00f3n-central-300x92.jpg 300w\" sizes=\"(max-width: 761px) 100vw, 761px\" \/><\/figure>\n\n\n\n<ul class=\"wp-block-list\"><li><strong>CAMPUS CENTRAL <\/strong><\/li><\/ul>\n\n\n\n<figure class=\"wp-block-image size-large\"><img loading=\"lazy\" decoding=\"async\" width=\"756\" height=\"516\" src=\"https:\/\/calusacusac.usac.edu.gt\/wp-content\/uploads\/2020\/03\/horario-coordinadores.jpg\" alt=\"\" class=\"wp-image-1076\" srcset=\"https:\/\/calusacusac.usac.edu.gt\/wp-content\/uploads\/2020\/03\/horario-coordinadores.jpg 756w, https:\/\/calusacusac.usac.edu.gt\/wp-content\/uploads\/2020\/03\/horario-coordinadores-300x205.jpg 300w\" sizes=\"(max-width: 756px) 100vw, 756px\" \/><\/figure>\n\n\n\n<figure class=\"wp-block-image size-large\"><img loading=\"lazy\" decoding=\"async\" width=\"595\" height=\"264\" src=\"https:\/\/calusacusac.usac.edu.gt\/wp-content\/uploads\/2020\/03\/Correos-otros-idiomas.jpg\" alt=\"\" class=\"wp-image-1077\" srcset=\"https:\/\/calusacusac.usac.edu.gt\/wp-content\/uploads\/2020\/03\/Correos-otros-idiomas.jpg 595w, https:\/\/calusacusac.usac.edu.gt\/wp-content\/uploads\/2020\/03\/Correos-otros-idiomas-300x133.jpg 300w\" sizes=\"(max-width: 595px) 100vw, 595px\" \/><\/figure>\n","protected":false},"excerpt":{"rendered":"<p>Idiomas que ofrecemos Cursos que ofrecemos Cursos presenciales Bimestrales: duraci\u00f3n de dos meses, cuatro en el a\u00f1o. Disponibles para todos los idiomas. Intensivos: duraci\u00f3n de un mes, ocho en el a\u00f1o. \u00danicamente para el idioma ingl\u00e9s, franc\u00e9s, alem\u00e1n e italiano. Superintensivos: cursos con el contenido de dos intensivos con duraci\u00f3n de un mes, seis al [&hellip;]<\/p>\n","protected":false},"author":3,"featured_media":0,"parent":0,"menu_order":0,"comment_status":"closed","ping_status":"closed","template":"","meta":{"_et_pb_use_builder":"","_et_pb_old_content":"","_et_gb_content_width":"","_eb_attr":"","footnotes":""},"class_list":["post-1056","page","type-page","status-publish","hentry"],"_links":{"self":[{"href":"https:\/\/calusacusac.usac.edu.gt\/index.php\/wp-json\/wp\/v2\/pages\/1056","targetHints":{"allow":["GET"]}}],"collection":[{"href":"https:\/\/calusacusac.usac.edu.gt\/index.php\/wp-json\/wp\/v2\/pages"}],"about":[{"href":"https:\/\/calusacusac.usac.edu.gt\/index.php\/wp-json\/wp\/v2\/types\/page"}],"author":[{"embeddable":true,"href":"https:\/\/calusacusac.usac.edu.gt\/index.php\/wp-json\/wp\/v2\/users\/3"}],"replies":[{"embeddable":true,"href":"https:\/\/calusacusac.usac.edu.gt\/index.php\/wp-json\/wp\/v2\/comments?post=1056"}],"version-history":[{"count":11,"href":"https:\/\/calusacusac.usac.edu.gt\/index.php\/wp-json\/wp\/v2\/pages\/1056\/revisions"}],"predecessor-version":[{"id":6125,"href":"https:\/\/calusacusac.usac.edu.gt\/index.php\/wp-json\/wp\/v2\/pages\/1056\/revisions\/6125"}],"wp:attachment":[{"href":"https:\/\/calusacusac.usac.edu.gt\/index.php\/wp-json\/wp\/v2\/media?parent=1056"}],"curies":[{"name":"wp","href":"https:\/\/api.w.org\/{rel}","templated":true}]}}