{"id":112,"date":"2019-04-22T21:35:29","date_gmt":"2019-04-22T21:35:29","guid":{"rendered":"https:\/\/calusacusac.usac.edu.gt\/?page_id=112"},"modified":"2023-08-05T00:06:55","modified_gmt":"2023-08-05T00:06:55","slug":"requisitos-de-inscripcion","status":"publish","type":"page","link":"https:\/\/calusacusac.usac.edu.gt\/index.php\/requisitos-de-inscripcion\/","title":{"rendered":"Requisitos"},"content":{"rendered":"\n[et_pb_section fb_built=\u00bb1&#8243; admin_label=\u00bbOur Services\u00bb _builder_version=\u00bb4.9.11&#8243; background_color=\u00bb#FFFFFF\u00bb background_image=\u00bbhttps:\/\/calusacusac.usac.edu.gt\/wp-content\/uploads\/2021\/08\/language-school-illustration-13.png\u00bb background_size=\u00bbcontain\u00bb background_position=\u00bbtop_center\u00bb custom_padding=\u00bb|||\u00bb global_colors_info=\u00bb{}\u00bb][et_pb_row _builder_version=\u00bb4.9.11&#8243; custom_margin=\u00bb|||\u00bb custom_padding=\u00bb0px||0px|||\u00bb hover_enabled=\u00bb0&#8243; global_colors_info=\u00bb{}\u00bb sticky_enabled=\u00bb0&#8243;][et_pb_column type=\u00bb4_4&#8243; _builder_version=\u00bb3.25&#8243; custom_padding=\u00bb|||\u00bb global_colors_info=\u00bb{}\u00bb custom_padding__hover=\u00bb|||\u00bb][et_pb_text _builder_version=\u00bb4.10.4&#8243; text_font=\u00bbABeeZee|700|||||||\u00bb text_text_color=\u00bb#000000&#8243; text_font_size=\u00bb52px\u00bb text_line_height=\u00bb0.2em\u00bb header_font=\u00bb||||||||\u00bb header_2_font=\u00bbAlata||||||||\u00bb header_2_text_color=\u00bb#3a3a3a\u00bb header_2_font_size=\u00bb48px\u00bb header_2_line_height=\u00bb1.4em\u00bb text_orientation=\u00bbcenter\u00bb custom_margin=\u00bb34px||3px||false|\u00bb custom_margin_tablet=\u00bb||0px|\u00bb custom_margin_phone=\u00bb\u00bb custom_margin_last_edited=\u00bbon|tablet\u00bb hover_enabled=\u00bb0&#8243; text_font_size_tablet=\u00bb80px\u00bb text_font_size_phone=\u00bb60px\u00bb text_font_size_last_edited=\u00bbon|desktop\u00bb header_2_font_size_tablet=\u00bb\u00bb header_2_font_size_phone=\u00bb36px\u00bb header_2_font_size_last_edited=\u00bbon|phone\u00bb global_colors_info=\u00bb{}\u00bb sticky_enabled=\u00bb0&#8243; min_height=\u00bb63.2px\u00bb]\n\n<strong>REQUISITOS<\/strong>\n\n[\/et_pb_text][et_pb_text _builder_version=\u00bb4.9.11&#8243; text_font=\u00bbShare Tech||||||||\u00bb text_text_color=\u00bbrgba(0,0,0,0.02)\u00bb text_font_size=\u00bb100px\u00bb text_line_height=\u00bb0.2em\u00bb header_font=\u00bb||||||||\u00bb header_2_font=\u00bbAlata||||||||\u00bb header_2_text_color=\u00bb#3a3a3a\u00bb header_2_font_size=\u00bb19px\u00bb header_2_line_height=\u00bb1.4em\u00bb text_orientation=\u00bbcenter\u00bb custom_margin=\u00bb||3px||false|\u00bb custom_margin_tablet=\u00bb||0px|\u00bb custom_margin_phone=\u00bb\u00bb custom_margin_last_edited=\u00bbon|tablet\u00bb hover_enabled=\u00bb0&#8243; text_font_size_tablet=\u00bb80px\u00bb text_font_size_phone=\u00bb60px\u00bb text_font_size_last_edited=\u00bbon|desktop\u00bb header_2_font_size_tablet=\u00bb15px\u00bb header_2_font_size_phone=\u00bb14px\u00bb header_2_font_size_last_edited=\u00bbon|desktop\u00bb global_colors_info=\u00bb{}\u00bb sticky_enabled=\u00bb0&#8243; custom_padding=\u00bb||20px|||\u00bb]\n<h2><strong>Escanear en formato JPG o subir fotograf\u00edas legibles de los siguientes requisitos:<\/strong><\/h2>\n[\/et_pb_text][et_pb_blurb title=\u00bbLos interesados en estudiar del nivel 2 en adelante deben adjuntar constancia del curso anterior vigente o examen de ubicaci\u00f3n vigente.\u00bb use_icon=\u00bbon\u00bb _builder_version=\u00bb4.10.4&#8243; header_font=\u00bbABeeZee||||||||\u00bb header_font_size=\u00bb21px\u00bb header_line_height=\u00bb1.2em\u00bb body_font=\u00bbABeeZee||||||||\u00bb body_font_size=\u00bb16px\u00bb body_line_height=\u00bb1.8em\u00bb background_color=\u00bb#3ca1cb\u00bb background_layout=\u00bbdark\u00bb custom_padding=\u00bb40px|30px|40px|30px|true|true\u00bb animation_style=\u00bbslide\u00bb animation=\u00bboff\u00bb hover_enabled=\u00bb0&#8243; box_shadow_style=\u00bbpreset3&#8243; box_shadow_color=\u00bbrgba(0,0,0,0.5)\u00bb global_colors_info=\u00bb{}\u00bb header_level=\u00bbh5&#8243; sticky_enabled=\u00bb0&#8243;][\/et_pb_blurb][\/et_pb_column][\/et_pb_row][et_pb_row _builder_version=\u00bb4.9.11&#8243; custom_margin=\u00bb|||\u00bb custom_padding=\u00bb|||\u00bb global_colors_info=\u00bb{}\u00bb][et_pb_column type=\u00bb4_4&#8243; _builder_version=\u00bb3.25&#8243; custom_padding=\u00bb|||\u00bb global_colors_info=\u00bb{}\u00bb custom_padding__hover=\u00bb|||\u00bb][et_pb_blurb title=\u00bbEstudiantes USAC y poblaci\u00f3n general\u00bb use_icon=\u00bbon\u00bb _builder_version=\u00bb4.9.11&#8243; header_font=\u00bbAlata||||||||\u00bb header_font_size=\u00bb24px\u00bb header_line_height=\u00bb1.2em\u00bb body_font=\u00bbABeeZee||||||||\u00bb body_font_size=\u00bb16px\u00bb body_line_height=\u00bb1.8em\u00bb background_color=\u00bb#252e52&#8243; background_layout=\u00bbdark\u00bb custom_padding=\u00bb17px|30px|17px|30px|true|true\u00bb animation_style=\u00bbzoom\u00bb animation=\u00bboff\u00bb hover_enabled=\u00bb0&#8243; border_radii=\u00bbon|12px|12px|12px|12px\u00bb box_shadow_style=\u00bbpreset2&#8243; box_shadow_color=\u00bbrgba(0,0,0,0.5)\u00bb global_colors_info=\u00bb{}\u00bb sticky_enabled=\u00bb0&#8243;]\n<ul>\n \t<li>Fotograf\u00eda clara con fondo s\u00f3lido.<\/li>\n \t<li>DPI.<\/li>\n<\/ul>\n[\/et_pb_blurb][et_pb_blurb title=\u00bbPoblaci\u00f3n general adolescente\u00bb use_icon=\u00bbon\u00bb _builder_version=\u00bb4.9.11&#8243; header_font=\u00bbAlata||||||||\u00bb header_font_size=\u00bb24px\u00bb header_line_height=\u00bb1.2em\u00bb body_font=\u00bbABeeZee||||||||\u00bb body_font_size=\u00bb16px\u00bb body_line_height=\u00bb1.8em\u00bb background_color=\u00bb#252e52&#8243; background_layout=\u00bbdark\u00bb custom_padding=\u00bb17px|30px|17px|30px|true|true\u00bb animation_style=\u00bbzoom\u00bb animation=\u00bboff\u00bb border_radii=\u00bbon|12px|12px|12px|12px\u00bb box_shadow_style=\u00bbpreset2&#8243; box_shadow_color=\u00bbrgba(0,0,0,0.5)\u00bb global_colors_info=\u00bb{}\u00bb]\n<ul>\n \t<li>Fotograf\u00eda clara con fondo s\u00f3lido.<\/li>\n \t<li>Certificaci\u00f3n de nacimiento extendida por el RENAP.<\/li>\n<\/ul>\n[\/et_pb_blurb][et_pb_blurb title=\u00bbTrabajadores USAC\u00bb use_icon=\u00bbon\u00bb _builder_version=\u00bb4.9.11&#8243; header_font=\u00bbAlata||||||||\u00bb header_font_size=\u00bb24px\u00bb header_line_height=\u00bb1.2em\u00bb body_font=\u00bbABeeZee||||||||\u00bb body_font_size=\u00bb16px\u00bb body_line_height=\u00bb1.8em\u00bb background_color=\u00bb#252e52&#8243; background_layout=\u00bbdark\u00bb custom_padding=\u00bb17px|30px|17px|30px|true|true\u00bb animation_style=\u00bbzoom\u00bb animation=\u00bboff\u00bb border_radii=\u00bbon|12px|12px|12px|12px\u00bb box_shadow_style=\u00bbpreset2&#8243; box_shadow_color=\u00bbrgba(0,0,0,0.5)\u00bb global_colors_info=\u00bb{}\u00bb]\n<ul>\n \t<li>Fotograf\u00eda clara con fondo s\u00f3lido.<\/li>\n \t<li>DPI.<\/li>\n \t<li>Constancia de trabajo con fecha reciente, extendida por la Unidad Acad\u00e9mica.<\/li>\n<\/ul>\n[\/et_pb_blurb][et_pb_blurb title=\u00bbHijo de trabajador adolescente\u00bb use_icon=\u00bbon\u00bb _builder_version=\u00bb4.9.11&#8243; header_font=\u00bbAlata||||||||\u00bb header_font_size=\u00bb24px\u00bb header_line_height=\u00bb1.2em\u00bb body_font=\u00bbABeeZee||||||||\u00bb body_font_size=\u00bb16px\u00bb body_line_height=\u00bb1.8em\u00bb background_color=\u00bb#252e52&#8243; background_layout=\u00bbdark\u00bb custom_padding=\u00bb17px|30px|17px|30px|true|true\u00bb animation_style=\u00bbzoom\u00bb animation=\u00bboff\u00bb border_radii=\u00bbon|12px|12px|12px|12px\u00bb box_shadow_style=\u00bbpreset2&#8243; box_shadow_color=\u00bbrgba(0,0,0,0.5)\u00bb global_colors_info=\u00bb{}\u00bb]\n<ul>\n \t<li>Fotograf\u00eda clara con fondo s\u00f3lido.<\/li>\n \t<li>Certificaci\u00f3n de nacimiento extendida por el RENAP.<\/li>\n \t<li>Constancia de trabajo con fecha reciente, extendida por la Unidad Acad\u00e9mica.<\/li>\n<\/ul>\n[\/et_pb_blurb][et_pb_blurb title=\u00bbHijo de trabajador adulto\u00bb use_icon=\u00bbon\u00bb _builder_version=\u00bb4.9.11&#8243; header_font=\u00bbAlata||||||||\u00bb header_font_size=\u00bb24px\u00bb header_line_height=\u00bb1.2em\u00bb body_font=\u00bbABeeZee||||||||\u00bb body_font_size=\u00bb16px\u00bb body_line_height=\u00bb1.8em\u00bb background_color=\u00bb#252e52&#8243; background_layout=\u00bbdark\u00bb custom_padding=\u00bb17px|30px|17px|30px|true|true\u00bb animation_style=\u00bbzoom\u00bb animation=\u00bboff\u00bb border_radii=\u00bbon|12px|12px|12px|12px\u00bb box_shadow_style=\u00bbpreset2&#8243; box_shadow_color=\u00bbrgba(0,0,0,0.5)\u00bb global_colors_info=\u00bb{}\u00bb]\n<ul>\n \t<li>Fotograf\u00eda clara con fondo s\u00f3lido.<\/li>\n \t<li>DPI.<\/li>\n \t<li>Constancia de trabajo con fecha reciente, extendida por la Unidad Acad\u00e9mica.<\/li>\n<\/ul>\n[\/et_pb_blurb][et_pb_blurb title=\u00bbExtranjero no centroamericano\u00bb use_icon=\u00bbon\u00bb _builder_version=\u00bb4.9.11&#8243; header_font=\u00bbAlata||||||||\u00bb header_font_size=\u00bb24px\u00bb header_line_height=\u00bb1.2em\u00bb body_font=\u00bbABeeZee||||||||\u00bb body_font_size=\u00bb16px\u00bb body_line_height=\u00bb1.8em\u00bb background_color=\u00bb#252e52&#8243; background_layout=\u00bbdark\u00bb custom_padding=\u00bb17px|30px|17px|30px|true|true\u00bb animation_style=\u00bbzoom\u00bb animation=\u00bboff\u00bb hover_enabled=\u00bb0&#8243; border_radii=\u00bbon|12px|12px|12px|12px\u00bb box_shadow_style=\u00bbpreset2&#8243; box_shadow_color=\u00bbrgba(0,0,0,0.5)\u00bb global_colors_info=\u00bb{}\u00bb sticky_enabled=\u00bb0&#8243;]\n<ul>\n \t<li>Fotograf\u00eda clara con fondo s\u00f3lido.<\/li>\n \t<li>Pasaporte.<\/li>\n<\/ul>\n[\/et_pb_blurb][\/et_pb_column][\/et_pb_row][\/et_pb_section]\n","protected":false},"excerpt":{"rendered":"<p>REQUISITOS Escanear en formato JPG o subir fotograf\u00edas legibles de los siguientes requisitos: Fotograf\u00eda clara con fondo s\u00f3lido. DPI. Fotograf\u00eda clara con fondo s\u00f3lido. Certificaci\u00f3n de nacimiento extendida por el RENAP. Fotograf\u00eda clara con fondo s\u00f3lido. DPI. Constancia de trabajo con fecha reciente, extendida por la Unidad Acad\u00e9mica. Fotograf\u00eda clara con fondo s\u00f3lido. Certificaci\u00f3n de [&hellip;]<\/p>\n","protected":false},"author":3,"featured_media":0,"parent":0,"menu_order":1,"comment_status":"closed","ping_status":"closed","template":"","meta":{"_et_pb_use_builder":"on","_et_pb_old_content":"[et_pb_section fb_built=\"1\" admin_label=\"Our Services\" _builder_version=\"4.9.11\" background_color=\"#FFFFFF\" background_image=\"https:\/\/calusacusac.usac.edu.gt\/wp-content\/uploads\/2021\/08\/language-school-illustration-13.png\" background_size=\"contain\" background_position=\"top_center\" custom_padding=\"|||\" global_colors_info=\"{}\"][et_pb_row _builder_version=\"4.9.11\" custom_margin=\"|||\" custom_padding=\"0px||0px|||\" hover_enabled=\"0\" global_colors_info=\"{}\" sticky_enabled=\"0\"][et_pb_column type=\"4_4\" _builder_version=\"3.25\" custom_padding=\"|||\" global_colors_info=\"{}\" custom_padding__hover=\"|||\"][et_pb_text _builder_version=\"4.10.4\" text_font=\"ABeeZee|700|||||||\" text_text_color=\"#000000\" text_font_size=\"52px\" text_line_height=\"0.2em\" header_font=\"||||||||\" header_2_font=\"Alata||||||||\" header_2_text_color=\"#3a3a3a\" header_2_font_size=\"48px\" header_2_line_height=\"1.4em\" text_orientation=\"center\" custom_margin=\"34px||3px||false|\" custom_margin_tablet=\"||0px|\" custom_margin_phone=\"\" custom_margin_last_edited=\"on|tablet\" hover_enabled=\"0\" text_font_size_tablet=\"80px\" text_font_size_phone=\"60px\" text_font_size_last_edited=\"on|desktop\" header_2_font_size_tablet=\"\" header_2_font_size_phone=\"36px\" header_2_font_size_last_edited=\"on|phone\" global_colors_info=\"{}\" sticky_enabled=\"0\" min_height=\"63.2px\"]\n\n<strong>REQUISITOS<\/strong>\n\n[\/et_pb_text][et_pb_text _builder_version=\"4.9.11\" text_font=\"Share Tech||||||||\" text_text_color=\"rgba(0,0,0,0.02)\" text_font_size=\"100px\" text_line_height=\"0.2em\" header_font=\"||||||||\" header_2_font=\"Alata||||||||\" header_2_text_color=\"#3a3a3a\" header_2_font_size=\"19px\" header_2_line_height=\"1.4em\" text_orientation=\"center\" custom_margin=\"||3px||false|\" custom_margin_tablet=\"||0px|\" custom_margin_phone=\"\" custom_margin_last_edited=\"on|tablet\" hover_enabled=\"0\" text_font_size_tablet=\"80px\" text_font_size_phone=\"60px\" text_font_size_last_edited=\"on|desktop\" header_2_font_size_tablet=\"15px\" header_2_font_size_phone=\"14px\" header_2_font_size_last_edited=\"on|desktop\" global_colors_info=\"{}\" sticky_enabled=\"0\" custom_padding=\"||20px|||\"]\n<h2><strong>Escanear en formato JPG o subir fotograf\u00edas legibles de los siguientes requisitos:<\/strong><\/h2>\n[\/et_pb_text][et_pb_blurb title=\"Los interesados en estudiar del nivel 2 en adelante deben adjuntar constancia del curso anterior vigente o examen de ubicaci\u00f3n vigente.\" use_icon=\"on\" _builder_version=\"4.10.4\" header_font=\"ABeeZee||||||||\" header_font_size=\"21px\" header_line_height=\"1.2em\" body_font=\"ABeeZee||||||||\" body_font_size=\"16px\" body_line_height=\"1.8em\" background_color=\"#3ca1cb\" background_layout=\"dark\" custom_padding=\"40px|30px|40px|30px|true|true\" animation_style=\"slide\" animation=\"off\" hover_enabled=\"0\" box_shadow_style=\"preset3\" box_shadow_color=\"rgba(0,0,0,0.5)\" global_colors_info=\"{}\" header_level=\"h5\" sticky_enabled=\"0\"][\/et_pb_blurb][\/et_pb_column][\/et_pb_row][et_pb_row _builder_version=\"4.9.11\" custom_margin=\"|||\" custom_padding=\"|||\" global_colors_info=\"{}\"][et_pb_column type=\"4_4\" _builder_version=\"3.25\" custom_padding=\"|||\" global_colors_info=\"{}\" custom_padding__hover=\"|||\"][et_pb_blurb title=\"Estudiantes USAC y poblaci\u00f3n general\" use_icon=\"on\" _builder_version=\"4.9.11\" header_font=\"Alata||||||||\" header_font_size=\"24px\" header_line_height=\"1.2em\" body_font=\"ABeeZee||||||||\" body_font_size=\"16px\" body_line_height=\"1.8em\" background_color=\"#252e52\" background_layout=\"dark\" custom_padding=\"17px|30px|17px|30px|true|true\" animation_style=\"zoom\" animation=\"off\" hover_enabled=\"0\" border_radii=\"on|12px|12px|12px|12px\" box_shadow_style=\"preset2\" box_shadow_color=\"rgba(0,0,0,0.5)\" global_colors_info=\"{}\" sticky_enabled=\"0\"]\n<ul>\n \t<li>Fotograf\u00eda clara con fondo s\u00f3lido.<\/li>\n \t<li>DPI.<\/li>\n<\/ul>\n[\/et_pb_blurb][et_pb_blurb title=\"Poblaci\u00f3n general adolescente\" use_icon=\"on\" _builder_version=\"4.9.11\" header_font=\"Alata||||||||\" header_font_size=\"24px\" header_line_height=\"1.2em\" body_font=\"ABeeZee||||||||\" body_font_size=\"16px\" body_line_height=\"1.8em\" background_color=\"#252e52\" background_layout=\"dark\" custom_padding=\"17px|30px|17px|30px|true|true\" animation_style=\"zoom\" animation=\"off\" border_radii=\"on|12px|12px|12px|12px\" box_shadow_style=\"preset2\" box_shadow_color=\"rgba(0,0,0,0.5)\" global_colors_info=\"{}\"]\n<ul>\n \t<li>Fotograf\u00eda clara con fondo s\u00f3lido.<\/li>\n \t<li>Certificaci\u00f3n de nacimiento extendida por el RENAP.<\/li>\n<\/ul>\n[\/et_pb_blurb][et_pb_blurb title=\"Trabajadores USAC\" use_icon=\"on\" _builder_version=\"4.9.11\" header_font=\"Alata||||||||\" header_font_size=\"24px\" header_line_height=\"1.2em\" body_font=\"ABeeZee||||||||\" body_font_size=\"16px\" body_line_height=\"1.8em\" background_color=\"#252e52\" background_layout=\"dark\" custom_padding=\"17px|30px|17px|30px|true|true\" animation_style=\"zoom\" animation=\"off\" border_radii=\"on|12px|12px|12px|12px\" box_shadow_style=\"preset2\" box_shadow_color=\"rgba(0,0,0,0.5)\" global_colors_info=\"{}\"]\n<ul>\n \t<li>Fotograf\u00eda clara con fondo s\u00f3lido.<\/li>\n \t<li>DPI.<\/li>\n \t<li>Constancia de trabajo con fecha reciente, extendida por la Unidad Acad\u00e9mica.<\/li>\n<\/ul>\n[\/et_pb_blurb][et_pb_blurb title=\"Hijo de trabajador adolescente\" use_icon=\"on\" _builder_version=\"4.9.11\" header_font=\"Alata||||||||\" header_font_size=\"24px\" header_line_height=\"1.2em\" body_font=\"ABeeZee||||||||\" body_font_size=\"16px\" body_line_height=\"1.8em\" background_color=\"#252e52\" background_layout=\"dark\" custom_padding=\"17px|30px|17px|30px|true|true\" animation_style=\"zoom\" animation=\"off\" border_radii=\"on|12px|12px|12px|12px\" box_shadow_style=\"preset2\" box_shadow_color=\"rgba(0,0,0,0.5)\" global_colors_info=\"{}\"]\n<ul>\n \t<li>Fotograf\u00eda clara con fondo s\u00f3lido.<\/li>\n \t<li>Certificaci\u00f3n de nacimiento extendida por el RENAP.<\/li>\n \t<li>Constancia de trabajo con fecha reciente, extendida por la Unidad Acad\u00e9mica.<\/li>\n<\/ul>\n[\/et_pb_blurb][et_pb_blurb title=\"Hijo de trabajador adulto\" use_icon=\"on\" _builder_version=\"4.9.11\" header_font=\"Alata||||||||\" header_font_size=\"24px\" header_line_height=\"1.2em\" body_font=\"ABeeZee||||||||\" body_font_size=\"16px\" body_line_height=\"1.8em\" background_color=\"#252e52\" background_layout=\"dark\" custom_padding=\"17px|30px|17px|30px|true|true\" animation_style=\"zoom\" animation=\"off\" border_radii=\"on|12px|12px|12px|12px\" box_shadow_style=\"preset2\" box_shadow_color=\"rgba(0,0,0,0.5)\" global_colors_info=\"{}\"]\n<ul>\n \t<li>Fotograf\u00eda clara con fondo s\u00f3lido.<\/li>\n \t<li>DPI.<\/li>\n \t<li>Constancia de trabajo con fecha reciente, extendida por la Unidad Acad\u00e9mica.<\/li>\n<\/ul>\n[\/et_pb_blurb][et_pb_blurb title=\"Extranjero no centroamericano\" use_icon=\"on\" _builder_version=\"4.9.11\" header_font=\"Alata||||||||\" header_font_size=\"24px\" header_line_height=\"1.2em\" body_font=\"ABeeZee||||||||\" body_font_size=\"16px\" body_line_height=\"1.8em\" background_color=\"#252e52\" background_layout=\"dark\" custom_padding=\"17px|30px|17px|30px|true|true\" animation_style=\"zoom\" animation=\"off\" hover_enabled=\"0\" border_radii=\"on|12px|12px|12px|12px\" box_shadow_style=\"preset2\" box_shadow_color=\"rgba(0,0,0,0.5)\" global_colors_info=\"{}\" sticky_enabled=\"0\"]\n<ul>\n \t<li>Fotograf\u00eda clara con fondo s\u00f3lido.<\/li>\n \t<li>Pasaporte.<\/li>\n<\/ul>\n[\/et_pb_blurb][\/et_pb_column][\/et_pb_row][\/et_pb_section]","_et_gb_content_width":"","_eb_attr":"","footnotes":""},"class_list":["post-112","page","type-page","status-publish","hentry"],"_links":{"self":[{"href":"https:\/\/calusacusac.usac.edu.gt\/index.php\/wp-json\/wp\/v2\/pages\/112","targetHints":{"allow":["GET"]}}],"collection":[{"href":"https:\/\/calusacusac.usac.edu.gt\/index.php\/wp-json\/wp\/v2\/pages"}],"about":[{"href":"https:\/\/calusacusac.usac.edu.gt\/index.php\/wp-json\/wp\/v2\/types\/page"}],"author":[{"embeddable":true,"href":"https:\/\/calusacusac.usac.edu.gt\/index.php\/wp-json\/wp\/v2\/users\/3"}],"replies":[{"embeddable":true,"href":"https:\/\/calusacusac.usac.edu.gt\/index.php\/wp-json\/wp\/v2\/comments?post=112"}],"version-history":[{"count":27,"href":"https:\/\/calusacusac.usac.edu.gt\/index.php\/wp-json\/wp\/v2\/pages\/112\/revisions"}],"predecessor-version":[{"id":6240,"href":"https:\/\/calusacusac.usac.edu.gt\/index.php\/wp-json\/wp\/v2\/pages\/112\/revisions\/6240"}],"wp:attachment":[{"href":"https:\/\/calusacusac.usac.edu.gt\/index.php\/wp-json\/wp\/v2\/media?parent=112"}],"curies":[{"name":"wp","href":"https:\/\/api.w.org\/{rel}","templated":true}]}}