{"id":1227,"date":"2020-04-24T05:56:43","date_gmt":"2020-04-24T05:56:43","guid":{"rendered":"https:\/\/calusacusac.usac.edu.gt\/?page_id=1227"},"modified":"2020-10-08T19:58:07","modified_gmt":"2020-10-08T19:58:07","slug":"requisitos-webapp","status":"publish","type":"page","link":"https:\/\/calusacusac.usac.edu.gt\/index.php\/requisitos-webapp\/","title":{"rendered":"Requisitos"},"content":{"rendered":"\n<p class=\"has-text-align-left\"><strong>Escanear en formato JPG o subir fotograf\u00edas legibles de los siguientes requisitos: <\/strong><\/p>\n\n\n\n<hr class=\"wp-block-separator has-text-color has-background has-vivid-cyan-blue-background-color has-vivid-cyan-blue-color is-style-default\"\/>\n\n\n\n<h3 class=\"wp-block-heading\">Estudiantes USAC y poblaci\u00f3n general<\/h3>\n\n\n\n<ul class=\"wp-block-list\"><li>Fotograf\u00eda clara con fondo s\u00f3lido.<\/li><li>DPI.<\/li><\/ul>\n\n\n\n<h3 class=\"wp-block-heading\">Poblaci\u00f3n general adolescente<\/h3>\n\n\n\n<ul class=\"wp-block-list\"><li> Fotograf\u00eda clara con fondo s\u00f3lido.<\/li><li>  Certificaci\u00f3n de nacimiento extendida por el RENAP.  <\/li><\/ul>\n\n\n\n<h3 class=\"wp-block-heading\">Trabajadores USAC<\/h3>\n\n\n\n<ul class=\"wp-block-list\"><li> Fotograf\u00eda clara con fondo s\u00f3lido.<\/li><li> DPI.<\/li><li> Constancia de trabajo con fecha reciente, extendida por la Unidad Acad\u00e9mica. <\/li><\/ul>\n\n\n\n<h3 class=\"wp-block-heading\">Hijo de trabajador adolescente<\/h3>\n\n\n\n<ul class=\"wp-block-list\"><li> Fotograf\u00eda clara con fondo s\u00f3lido. <\/li><li> Certificaci\u00f3n de nacimiento extendida por el RENAP. <\/li><li>Constancia de trabajo con fecha reciente, extendida por la Unidad Acad\u00e9mica.<\/li><\/ul>\n\n\n\n<h3 class=\"wp-block-heading\">Hijo de trabajador adulto<\/h3>\n\n\n\n<ul class=\"wp-block-list\"><li> Fotograf\u00eda clara con fondo s\u00f3lido.<\/li><li> DPI.<\/li><li> Constancia de trabajo con fecha reciente, extendida por la Unidad Acad\u00e9mica.  <\/li><\/ul>\n\n\n\n<h3 class=\"wp-block-heading\">Extranjero no centroamericano<\/h3>\n\n\n\n<ul class=\"wp-block-list\"><li>Fotograf\u00eda clara con fondo s\u00f3lido.<\/li><li> Pasaporte.<\/li><\/ul>\n\n\n\n<hr class=\"wp-block-separator has-text-color has-background has-vivid-cyan-blue-background-color has-vivid-cyan-blue-color is-style-default\"\/>\n\n\n\n<p style=\"color:#fff9f9;width: 50%;text-align: center;\" class=\"has-text-color has-background has-text-align-left has-vivid-cyan-blue-background-color\"><strong> Los interesados en estudiar del nivel 2 en adelante deben<\/strong><br><strong>adjuntar constancia del curso anterior vigente o del examen<\/strong><br><strong>de ubicaci\u00f3n vigente. <\/strong><\/p>\n","protected":false},"excerpt":{"rendered":"<p>Escanear en formato JPG o subir fotograf\u00edas legibles de los siguientes requisitos: Estudiantes USAC y poblaci\u00f3n general Fotograf\u00eda clara con fondo s\u00f3lido. DPI. Poblaci\u00f3n general adolescente Fotograf\u00eda clara con fondo s\u00f3lido. Certificaci\u00f3n de nacimiento extendida por el RENAP. Trabajadores USAC Fotograf\u00eda clara con fondo s\u00f3lido. DPI. Constancia de trabajo con fecha reciente, extendida por la [&hellip;]<\/p>\n","protected":false},"author":3,"featured_media":0,"parent":0,"menu_order":0,"comment_status":"closed","ping_status":"closed","template":"","meta":{"_et_pb_use_builder":"","_et_pb_old_content":"","_et_gb_content_width":"","_eb_attr":"","footnotes":""},"class_list":["post-1227","page","type-page","status-publish","hentry"],"_links":{"self":[{"href":"https:\/\/calusacusac.usac.edu.gt\/index.php\/wp-json\/wp\/v2\/pages\/1227","targetHints":{"allow":["GET"]}}],"collection":[{"href":"https:\/\/calusacusac.usac.edu.gt\/index.php\/wp-json\/wp\/v2\/pages"}],"about":[{"href":"https:\/\/calusacusac.usac.edu.gt\/index.php\/wp-json\/wp\/v2\/types\/page"}],"author":[{"embeddable":true,"href":"https:\/\/calusacusac.usac.edu.gt\/index.php\/wp-json\/wp\/v2\/users\/3"}],"replies":[{"embeddable":true,"href":"https:\/\/calusacusac.usac.edu.gt\/index.php\/wp-json\/wp\/v2\/comments?post=1227"}],"version-history":[{"count":7,"href":"https:\/\/calusacusac.usac.edu.gt\/index.php\/wp-json\/wp\/v2\/pages\/1227\/revisions"}],"predecessor-version":[{"id":2229,"href":"https:\/\/calusacusac.usac.edu.gt\/index.php\/wp-json\/wp\/v2\/pages\/1227\/revisions\/2229"}],"wp:attachment":[{"href":"https:\/\/calusacusac.usac.edu.gt\/index.php\/wp-json\/wp\/v2\/media?parent=1227"}],"curies":[{"name":"wp","href":"https:\/\/api.w.org\/{rel}","templated":true}]}}