{"id":1831,"date":"2020-07-10T22:18:31","date_gmt":"2020-07-10T22:18:31","guid":{"rendered":"https:\/\/calusacusac.usac.edu.gt\/?page_id=1831"},"modified":"2020-07-10T22:18:32","modified_gmt":"2020-07-10T22:18:32","slug":"control-academico-2","status":"publish","type":"page","link":"https:\/\/calusacusac.usac.edu.gt\/index.php\/control-academico-2\/","title":{"rendered":"Control Acad\u00e9mico"},"content":{"rendered":"\n<h3 class=\"has-very-dark-gray-color has-text-color wp-block-heading\"><strong>REPOSICI\u00d3N CONSTANCIA DE CURSO<\/strong><\/h3>\n\n\n\n<p style=\"font-size:17px\">Puedes reponer la constancia del curso enviando un correo electr\u00f3nico a la direcci\u00f3n\u00a0<a href=\"mailto:academico.calusac@gmail.com\">academico.calusac@gmail.com<\/a>\u00a0con tu\u00a0nombre completo, sede, n\u00famero de carn\u00e9 de CALUSAC, idioma, nivel y fecha de estudio.<\/p>\n\n\n\n<hr class=\"wp-block-separator has-text-color has-background has-vivid-cyan-blue-background-color has-vivid-cyan-blue-color is-style-default\"\/>\n\n\n\n<h3 class=\"has-very-dark-gray-color has-text-color wp-block-heading\"><strong>REPOSICI\u00d3N TARJETA DE UBICACI\u00d3N<\/strong><\/h3>\n\n\n\n<p style=\"font-size:17px\">Puedes reponer la tarjeta de ubicaci\u00f3n enviando un correo electr\u00f3nico a la direcci\u00f3n\u00a0<a href=\"mailto:academico.calusac@gmail.com\">academico.calusac@gmail.com<\/a>\u00a0con tu\u00a0nombre completo, sede, idioma, nivel en el que quedaste y fecha en la que realizaste el examen.<\/p>\n\n\n\n<hr class=\"wp-block-separator has-text-color has-background has-vivid-cyan-blue-background-color has-vivid-cyan-blue-color is-style-default\"\/>\n\n\n\n<h3 class=\"has-very-dark-gray-color has-text-color wp-block-heading\"><strong>CONSULTAR N\u00daMERO DE CARN\u00c9<\/strong><\/h3>\n\n\n\n<p style=\"font-size:17px\">Puedes consultar el n\u00famero de carn\u00e9 enviando un correo electr\u00f3nico a la direcci\u00f3n\u00a0<a href=\"mailto:academico.calusac@gmail.com\">academico.calusac@gmail.com<\/a>\u00a0con tu\u00a0nombre completo y\u00a0DPI.<\/p>\n","protected":false},"excerpt":{"rendered":"<p>REPOSICI\u00d3N CONSTANCIA DE CURSO Puedes reponer la constancia del curso enviando un correo electr\u00f3nico a la direcci\u00f3n\u00a0academico.calusac@gmail.com\u00a0con tu\u00a0nombre completo, sede, n\u00famero de carn\u00e9 de CALUSAC, idioma, nivel y fecha de estudio. REPOSICI\u00d3N TARJETA DE UBICACI\u00d3N Puedes reponer la tarjeta de ubicaci\u00f3n enviando un correo electr\u00f3nico a la direcci\u00f3n\u00a0academico.calusac@gmail.com\u00a0con tu\u00a0nombre completo, sede, idioma, nivel en el [&hellip;]<\/p>\n","protected":false},"author":3,"featured_media":0,"parent":0,"menu_order":0,"comment_status":"closed","ping_status":"closed","template":"","meta":{"_et_pb_use_builder":"","_et_pb_old_content":"","_et_gb_content_width":"","_eb_attr":"","footnotes":""},"class_list":["post-1831","page","type-page","status-publish","hentry"],"_links":{"self":[{"href":"https:\/\/calusacusac.usac.edu.gt\/index.php\/wp-json\/wp\/v2\/pages\/1831","targetHints":{"allow":["GET"]}}],"collection":[{"href":"https:\/\/calusacusac.usac.edu.gt\/index.php\/wp-json\/wp\/v2\/pages"}],"about":[{"href":"https:\/\/calusacusac.usac.edu.gt\/index.php\/wp-json\/wp\/v2\/types\/page"}],"author":[{"embeddable":true,"href":"https:\/\/calusacusac.usac.edu.gt\/index.php\/wp-json\/wp\/v2\/users\/3"}],"replies":[{"embeddable":true,"href":"https:\/\/calusacusac.usac.edu.gt\/index.php\/wp-json\/wp\/v2\/comments?post=1831"}],"version-history":[{"count":5,"href":"https:\/\/calusacusac.usac.edu.gt\/index.php\/wp-json\/wp\/v2\/pages\/1831\/revisions"}],"predecessor-version":[{"id":1836,"href":"https:\/\/calusacusac.usac.edu.gt\/index.php\/wp-json\/wp\/v2\/pages\/1831\/revisions\/1836"}],"wp:attachment":[{"href":"https:\/\/calusacusac.usac.edu.gt\/index.php\/wp-json\/wp\/v2\/media?parent=1831"}],"curies":[{"name":"wp","href":"https:\/\/api.w.org\/{rel}","templated":true}]}}