{"id":2238,"date":"2020-10-14T00:25:25","date_gmt":"2020-10-14T00:25:25","guid":{"rendered":"https:\/\/calusacusac.usac.edu.gt\/?page_id=2238"},"modified":"2020-10-14T01:50:14","modified_gmt":"2020-10-14T01:50:14","slug":"realiza-el-examen-de-suficiencia","status":"publish","type":"page","link":"https:\/\/calusacusac.usac.edu.gt\/index.php\/realiza-el-examen-de-suficiencia\/","title":{"rendered":"Realiza el Examen de Suficiencia"},"content":{"rendered":"\n<h5 class=\"wp-block-heading\"><strong>PASO 1<\/strong><br>Crear cuenta en Test Hub (antes del d\u00eda del examen)<\/h5>\n\n\n\n<p>\u2022 Ingresa a  <a rel=\"noreferrer noopener\" href=\"https:\/\/english-testhub.pearson.com\/\" target=\"_blank\">https:\/\/english-testhub.pearson.com<\/a>&nbsp; <br>\u2022 Crea tu cuenta con la informaci\u00f3n solicitada <br>\u25ba Recuerda que con este usuario podr\u00e1s realizar el Examen de Suficiencia<\/p>\n\n\n\n<figure class=\"wp-block-video\"><video height=\"860\" style=\"aspect-ratio: 1920 \/ 860;\" width=\"1920\" controls src=\"https:\/\/calusacusac.usac.edu.gt\/wp-content\/uploads\/2020\/10\/crear-cuenta-examen-suficiencia.mp4\"><\/video><\/figure>\n\n\n\n<hr class=\"wp-block-separator has-text-color has-background has-vivid-cyan-blue-background-color has-vivid-cyan-blue-color is-style-default\"\/>\n\n\n\n<h5 class=\"wp-block-heading\"><strong>PASO 2<\/strong><br>Ingresa a la videoconferencia (el link se envi\u00f3 por correo electr\u00f3nico) seg\u00fan el d\u00eda y hora asignada en la WebApp<\/h5>\n\n\n\n<hr class=\"wp-block-separator has-text-color has-background has-vivid-cyan-blue-background-color has-vivid-cyan-blue-color is-style-default\"\/>\n\n\n\n<h5 class=\"wp-block-heading\"><strong>PASO 3<\/strong><br>Realiza el examen<\/h5>\n\n\n\n<hr class=\"wp-block-separator has-text-color has-background has-vivid-cyan-blue-background-color has-vivid-cyan-blue-color is-style-default\"\/>\n\n\n\n<p> <strong>RECUERDA<\/strong><br>\u2022  El estudiante deber\u00e1 conectarse 10 minutos antes del inicio de la prueba.<br>\u2022  No se permite el uso de diccionarios o la consulta de material de apoyo.<br>\u2022  Los resultados ser\u00e1n entregados dos semanas despu\u00e9s de la prueba. <\/p>\n","protected":false},"excerpt":{"rendered":"<p>PASO 1Crear cuenta en Test Hub (antes del d\u00eda del examen) \u2022 Ingresa a https:\/\/english-testhub.pearson.com&nbsp; \u2022 Crea tu cuenta con la informaci\u00f3n solicitada \u25ba Recuerda que con este usuario podr\u00e1s realizar el Examen de Suficiencia PASO 2Ingresa a la videoconferencia (el link se envi\u00f3 por correo electr\u00f3nico) seg\u00fan el d\u00eda y hora asignada en la [&hellip;]<\/p>\n","protected":false},"author":3,"featured_media":0,"parent":0,"menu_order":0,"comment_status":"closed","ping_status":"closed","template":"","meta":{"_et_pb_use_builder":"","_et_pb_old_content":"","_et_gb_content_width":"","_eb_attr":"","footnotes":""},"class_list":["post-2238","page","type-page","status-publish","hentry"],"_links":{"self":[{"href":"https:\/\/calusacusac.usac.edu.gt\/index.php\/wp-json\/wp\/v2\/pages\/2238","targetHints":{"allow":["GET"]}}],"collection":[{"href":"https:\/\/calusacusac.usac.edu.gt\/index.php\/wp-json\/wp\/v2\/pages"}],"about":[{"href":"https:\/\/calusacusac.usac.edu.gt\/index.php\/wp-json\/wp\/v2\/types\/page"}],"author":[{"embeddable":true,"href":"https:\/\/calusacusac.usac.edu.gt\/index.php\/wp-json\/wp\/v2\/users\/3"}],"replies":[{"embeddable":true,"href":"https:\/\/calusacusac.usac.edu.gt\/index.php\/wp-json\/wp\/v2\/comments?post=2238"}],"version-history":[{"count":7,"href":"https:\/\/calusacusac.usac.edu.gt\/index.php\/wp-json\/wp\/v2\/pages\/2238\/revisions"}],"predecessor-version":[{"id":2254,"href":"https:\/\/calusacusac.usac.edu.gt\/index.php\/wp-json\/wp\/v2\/pages\/2238\/revisions\/2254"}],"wp:attachment":[{"href":"https:\/\/calusacusac.usac.edu.gt\/index.php\/wp-json\/wp\/v2\/media?parent=2238"}],"curies":[{"name":"wp","href":"https:\/\/api.w.org\/{rel}","templated":true}]}}