{"id":2558,"date":"2021-02-03T17:18:44","date_gmt":"2021-02-03T17:18:44","guid":{"rendered":"https:\/\/calusacusac.usac.edu.gt\/?page_id=2558"},"modified":"2025-05-19T20:49:43","modified_gmt":"2025-05-19T20:49:43","slug":"reposicion-constancia-de-curso","status":"publish","type":"page","link":"https:\/\/calusacusac.usac.edu.gt\/index.php\/reposicion-constancia-de-curso\/","title":{"rendered":"Constancia de reposici\u00f3n de nota de cursos de idiomas"},"content":{"rendered":"<p>[et_pb_section fb_built=\u00bb1&#8243; use_custom_gutter=\u00bbon\u00bb gutter_width=\u00bb2&#8243; specialty=\u00bbon\u00bb padding_top_1=\u00bb0px\u00bb padding_top_2=\u00bb0px\u00bb padding_bottom_1=\u00bb0px\u00bb padding_bottom_2=\u00bb0px\u00bb padding_top_bottom_link_1=\u00bbtrue\u00bb padding_top_bottom_link_2=\u00bbtrue\u00bb admin_label=\u00bbButton Bar\u00bb _builder_version=\u00bb4.16&#8243; background_color=\u00bb#FFFFFF\u00bb inner_width=\u00bb100%\u00bb inner_max_width=\u00bb100%\u00bb custom_margin=\u00bb||||false|false\u00bb custom_padding=\u00bb0||0px||false|false\u00bb use_custom_width=\u00bbon\u00bb width_unit=\u00bboff\u00bb custom_width_percent=\u00bb100%\u00bb global_colors_info=\u00bb{}\u00bb][et_pb_column type=\u00bb1_2&#8243; _builder_version=\u00bb4.16&#8243; custom_padding=\u00bb|||\u00bb global_colors_info=\u00bb{}\u00bb custom_padding__hover=\u00bb|||\u00bb][et_pb_blurb title=\u00bbConstancia de reposici\u00f3n de nota de cursos de idiomas\u00bb content_max_width=\u00bb1100px\u00bb content_max_width_last_edited=\u00bboff|desktop\u00bb _builder_version=\u00bb4.16&#8243; header_font=\u00bbAlata|700||on|||||\u00bb header_font_size=\u00bb14px\u00bb header_letter_spacing=\u00bb5px\u00bb header_line_height=\u00bb2em\u00bb body_font=\u00bb||||||||\u00bb background_color=\u00bb#252e52&#8243; background_color_gradient_direction=\u00bb90deg\u00bb text_orientation=\u00bbright\u00bb background_layout=\u00bbdark\u00bb custom_padding=\u00bb20px|40px|12px|40px|false|true\u00bb animation_style=\u00bbslide\u00bb animation_direction=\u00bbleft\u00bb animation_intensity_slide=\u00bb5%\u00bb border_radii=\u00bb||100px|100px|\u00bb locked=\u00bboff\u00bb global_colors_info=\u00bb{}\u00bb][\/et_pb_blurb][\/et_pb_column][et_pb_column type=\u00bb1_2&#8243; specialty_columns=\u00bb2&#8243; _builder_version=\u00bb4.16&#8243; custom_padding=\u00bb|||\u00bb global_colors_info=\u00bb{}\u00bb custom_padding__hover=\u00bb|||\u00bb][\/et_pb_column][\/et_pb_section][et_pb_section fb_built=\u00bb1&#8243; admin_label=\u00bbFeatures CTA Section\u00bb _builder_version=\u00bb4.16&#8243; background_color=\u00bb#FFFFFF\u00bb custom_padding=\u00bb23px|0px|0px|0px||\u00bb saved_tabs=\u00bball\u00bb global_colors_info=\u00bb{}\u00bb][et_pb_row _builder_version=\u00bb4.16&#8243; _module_preset=\u00bbdefault\u00bb global_colors_info=\u00bb{}\u00bb][et_pb_column type=\u00bb4_4&#8243; _builder_version=\u00bb4.16&#8243; _module_preset=\u00bbdefault\u00bb global_colors_info=\u00bb{}\u00bb][et_pb_text _builder_version=\u00bb4.16&#8243; _module_preset=\u00bbdefault\u00bb global_colors_info=\u00bb{}\u00bb]<\/p>\n<h4 class=\"has-text-align-center\" style=\"text-align: center;\"><strong>Constancia de reposici\u00f3n de nota de cursos de idiomas Q25.00<\/strong><\/h4>\n<p>[\/et_pb_text][et_pb_divider color=\u00bb#3ca1cb\u00bb divider_weight=\u00bb2px\u00bb _builder_version=\u00bb4.16&#8243; _module_preset=\u00bbdefault\u00bb width=\u00bb18%\u00bb module_alignment=\u00bbcenter\u00bb global_colors_info=\u00bb{}\u00bb][\/et_pb_divider][\/et_pb_column][\/et_pb_row][et_pb_row column_structure=\u00bb1_2,1_2&#8243; admin_label=\u00bbRight Sided Image\u00bb _builder_version=\u00bb4.16&#8243; width=\u00bb100%\u00bb max_width=\u00bb80%\u00bb custom_margin=\u00bb-18px|auto||auto||\u00bb custom_padding=\u00bb8px|0px|33px|0px||\u00bb global_colors_info=\u00bb{}\u00bb][et_pb_column type=\u00bb1_2&#8243; _builder_version=\u00bb4.16&#8243; custom_padding=\u00bb|||\u00bb global_colors_info=\u00bb{}\u00bb custom_padding__hover=\u00bb|||\u00bb][et_pb_text _builder_version=\u00bb4.27.4&#8243; text_font=\u00bbABeeZee||||||||\u00bb text_text_color=\u00bb#959baf\u00bb text_line_height=\u00bb1.8em\u00bb link_font=\u00bbABeeZee||||||||\u00bb header_font=\u00bbABeeZee||||||||\u00bb header_text_align=\u00bbleft\u00bb header_2_font=\u00bbAlata|700|||||||\u00bb header_2_text_color=\u00bb#535b7c\u00bb header_2_font_size=\u00bb35px\u00bb header_2_line_height=\u00bb1.3em\u00bb max_width=\u00bb700px\u00bb module_alignment=\u00bbleft\u00bb global_colors_info=\u00bb{}\u00bb]<\/p>\n<h2><strong>PROCESO DE SOLICITUD<\/strong><\/h2>\n<p class=\"has-text-align-left has-medium-font-size\">1. Genera la orden de pago de Q25.00<br \/>\u2022 Poblaci\u00f3n general ingresar a <a href=\"https:\/\/usac.edu.gt\/calusacbol\/\" target=\"_blank\" rel=\"noopener\">https:\/\/usac.edu.gt\/calusacbol\/<\/a><br \/>2. Realiza el pago en cualquier agencia o banca virtual Banrural, G&amp;T o Bantrab.<br \/>3. Llena el formulario de Google.<\/p>\n<p>[\/et_pb_text][et_pb_divider color=\u00bb#3ca1cb\u00bb divider_weight=\u00bb2px\u00bb _builder_version=\u00bb4.16&#8243; _module_preset=\u00bbdefault\u00bb width=\u00bb18%\u00bb module_alignment=\u00bbcenter\u00bb global_colors_info=\u00bb{}\u00bb][\/et_pb_divider][\/et_pb_column][et_pb_column type=\u00bb1_2&#8243; _builder_version=\u00bb4.16&#8243; _module_preset=\u00bbdefault\u00bb global_colors_info=\u00bb{}\u00bb][et_pb_image src=\u00bbhttps:\/\/calusacusac.usac.edu.gt\/wp-content\/uploads\/2021\/08\/feature-img-1-2.jpg\u00bb title_text=\u00bbfeature-img-1-2&#8243; _builder_version=\u00bb4.16&#8243; _module_preset=\u00bbdefault\u00bb global_colors_info=\u00bb{}\u00bb][\/et_pb_image][\/et_pb_column][\/et_pb_row][et_pb_row admin_label=\u00bbRight Sided Image\u00bb _builder_version=\u00bb4.16&#8243; width=\u00bb100%\u00bb max_width=\u00bb80%\u00bb custom_margin=\u00bb-18px|auto||auto||\u00bb custom_padding=\u00bb8px|0px|33px|0px||\u00bb global_colors_info=\u00bb{}\u00bb][et_pb_column type=\u00bb4_4&#8243; _builder_version=\u00bb4.16&#8243; custom_padding=\u00bb|||\u00bb global_colors_info=\u00bb{}\u00bb custom_padding__hover=\u00bb|||\u00bb][et_pb_button button_url=\u00bbhttps:\/\/docs.google.com\/forms\/d\/e\/1FAIpQLSeVNdzIJCYCq5p_W4SGzqRQMdE09PLKlPD3DWZSvHYVpDzLkw\/viewform?usp=sf_link\u00bb button_text=\u00bbFormularioConstancia de reposici\u00f3n de nota de cursos de idiomas\u00bb _builder_version=\u00bb4.23.1&#8243; _module_preset=\u00bbdefault\u00bb custom_button=\u00bbon\u00bb button_text_color=\u00bb#FFFFFF\u00bb button_bg_color=\u00bb#3ca1cb\u00bb button_border_width=\u00bb0px\u00bb button_border_radius=\u00bb36px\u00bb custom_margin=\u00bb||13px|||\u00bb global_colors_info=\u00bb{}\u00bb button_text_color__hover_enabled=\u00bbon|hover\u00bb button_text_color__hover=\u00bb#FFFFFF\u00bb button_bg_color__hover_enabled=\u00bbon|hover\u00bb button_bg_color__hover=\u00bb#38669f\u00bb button_bg_enable_color__hover=\u00bbon\u00bb][\/et_pb_button][et_pb_divider color=\u00bb#3ca1cb\u00bb divider_weight=\u00bb2px\u00bb _builder_version=\u00bb4.16&#8243; _module_preset=\u00bbdefault\u00bb width=\u00bb18%\u00bb module_alignment=\u00bbcenter\u00bb global_colors_info=\u00bb{}\u00bb][\/et_pb_divider][\/et_pb_column][\/et_pb_row][et_pb_row admin_label=\u00bbRight Sided Image\u00bb _builder_version=\u00bb4.16&#8243; width=\u00bb100%\u00bb max_width=\u00bb80%\u00bb custom_margin=\u00bb-18px|auto||auto||\u00bb custom_padding=\u00bb8px|0px|33px|0px||\u00bb global_colors_info=\u00bb{}\u00bb][et_pb_column type=\u00bb4_4&#8243; _builder_version=\u00bb4.16&#8243; custom_padding=\u00bb|||\u00bb global_colors_info=\u00bb{}\u00bb custom_padding__hover=\u00bb|||\u00bb][et_pb_text _builder_version=\u00bb4.16&#8243; text_font=\u00bbABeeZee||||||||\u00bb text_text_color=\u00bb#959baf\u00bb text_line_height=\u00bb1.8em\u00bb link_font=\u00bbABeeZee||||||||\u00bb header_font=\u00bbABeeZee||||||||\u00bb header_text_align=\u00bbleft\u00bb header_2_font=\u00bbAlata|700|||||||\u00bb header_2_text_color=\u00bb#535b7c\u00bb header_2_font_size=\u00bb35px\u00bb header_2_line_height=\u00bb1.3em\u00bb max_width=\u00bb700px\u00bb module_alignment=\u00bbleft\u00bb global_colors_info=\u00bb{}\u00bb]<\/p>\n<h2><strong>REQUISITOS<\/strong><\/h2>\n<p class=\"has-text-align-left has-medium-font-size\">\u2022 Orden de pago<br \/>\n\u2022 Recibo de pago cancelado<br \/>\n\u2022 DPI<\/p>\n<p>[\/et_pb_text][et_pb_divider color=\u00bb#3ca1cb\u00bb divider_weight=\u00bb2px\u00bb _builder_version=\u00bb4.16&#8243; _module_preset=\u00bbdefault\u00bb width=\u00bb18%\u00bb module_alignment=\u00bbcenter\u00bb global_colors_info=\u00bb{}\u00bb][\/et_pb_divider][\/et_pb_column][\/et_pb_row][et_pb_row admin_label=\u00bbRight Sided Image\u00bb _builder_version=\u00bb4.16&#8243; width=\u00bb100%\u00bb max_width=\u00bb80%\u00bb custom_margin=\u00bb-18px|auto||auto||\u00bb custom_padding=\u00bb8px|0px|33px|0px||\u00bb global_colors_info=\u00bb{}\u00bb][et_pb_column type=\u00bb4_4&#8243; _builder_version=\u00bb4.16&#8243; custom_padding=\u00bb|||\u00bb global_colors_info=\u00bb{}\u00bb custom_padding__hover=\u00bb|||\u00bb][et_pb_text _builder_version=\u00bb4.16&#8243; text_font=\u00bbABeeZee||||||||\u00bb text_text_color=\u00bb#959baf\u00bb text_line_height=\u00bb1.8em\u00bb link_font=\u00bbABeeZee||||||||\u00bb header_font=\u00bbABeeZee||||||||\u00bb header_text_align=\u00bbleft\u00bb header_2_font=\u00bbAlata|700|||||||\u00bb header_2_text_color=\u00bb#535b7c\u00bb header_2_font_size=\u00bb35px\u00bb header_2_line_height=\u00bb1.3em\u00bb max_width=\u00bb700px\u00bb module_alignment=\u00bbleft\u00bb global_colors_info=\u00bb{}\u00bb]<\/p>\n<h2><strong>IMPORTANTE<\/strong><\/h2>\n<p class=\"has-text-align-left has-medium-font-size\">\n<p class=\"has-text-align-left has-medium-font-size\">-Recibir\u00e1s la Constancia de Curso v\u00eda correo electr\u00f3nico en la direcci\u00f3n que registraste en el formulario<\/p>\n<p>[\/et_pb_text][et_pb_divider color=\u00bb#3ca1cb\u00bb divider_weight=\u00bb2px\u00bb _builder_version=\u00bb4.16&#8243; _module_preset=\u00bbdefault\u00bb width=\u00bb18%\u00bb module_alignment=\u00bbcenter\u00bb global_colors_info=\u00bb{}\u00bb][\/et_pb_divider][\/et_pb_column][\/et_pb_row][et_pb_row column_structure=\u00bb1_2,1_2&#8243; _builder_version=\u00bb4.27.4&#8243; background_size=\u00bbinitial\u00bb background_position=\u00bbtop_left\u00bb background_repeat=\u00bbrepeat\u00bb custom_margin=\u00bb|||\u00bb hover_enabled=\u00bb0&#8243; locked=\u00bboff\u00bb global_colors_info=\u00bb{}\u00bb sticky_enabled=\u00bb0&#8243;][et_pb_column type=\u00bb1_2&#8243; _builder_version=\u00bb4.16&#8243; custom_padding=\u00bb40px|||\u00bb global_colors_info=\u00bb{}\u00bb custom_padding__hover=\u00bb|||\u00bb][et_pb_text _builder_version=\u00bb4.27.4&#8243; text_font=\u00bbABeeZee||||||||\u00bb text_text_color=\u00bb#959baf\u00bb text_line_height=\u00bb1.8em\u00bb link_font=\u00bbABeeZee||||||||\u00bb header_font=\u00bbABeeZee||||||||\u00bb header_text_align=\u00bbleft\u00bb header_2_font=\u00bbAlata|700|||||||\u00bb header_2_text_color=\u00bb#535b7c\u00bb header_2_font_size=\u00bb35px\u00bb header_2_line_height=\u00bb1.3em\u00bb max_width=\u00bb700px\u00bb module_alignment=\u00bbleft\u00bb custom_padding=\u00bb1px|4px||||\u00bb animation_style=\u00bbzoom\u00bb hover_enabled=\u00bb0&#8243; global_colors_info=\u00bb{}\u00bb sticky_enabled=\u00bb0&#8243;]<\/p>\n<h1><strong style=\"color: #535b7c; font-family: Alata, Helvetica, Arial, Lucida, sans-serif; font-size: 35px;\">ENCARGADOS DEL PROCESO<\/strong><\/h1>\n<p>&nbsp;<\/p>\n<h1><\/h1>\n<h3><span><span style=\"color: #5b5c5e; font-size: medium; font-family: ABeeZee; font-weight: normal;\">\u26a0\ufe0fEnv\u00edanos tus dudas al correo <span style=\"color: #3366ff;\"><a href=\"mailto:elaine.reyes@profesor.usac.edu.gt\" title=\"elaine.reyes@profesor.usac.edu.gt\" style=\"color: #3366ff;\">elaine.reyes@profesor.usac.edu.gt<\/a><\/span> y<span style=\"color: #3366ff;\"> <a href=\"mailto:msandoval@profesor.usac.edu.gt\" title=\"msandoval@profesor.usac.edu.gt\" style=\"color: #3366ff;\">msandoval@profesor.usac.edu.gt<\/a><\/span><\/span><\/span><\/h3>\n<p>[\/et_pb_text][\/et_pb_column][et_pb_column type=\u00bb1_2&#8243; _builder_version=\u00bb4.16&#8243; _module_preset=\u00bbdefault\u00bb global_colors_info=\u00bb{}\u00bb][et_pb_image src=\u00bbhttps:\/\/calusacusac.usac.edu.gt\/wp-content\/uploads\/2021\/08\/language-school-illustration-22.png\u00bb title_text=\u00bblanguage-school-illustration-22&#8243; _builder_version=\u00bb4.16&#8243; _module_preset=\u00bbdefault\u00bb width=\u00bb100%\u00bb global_colors_info=\u00bb{}\u00bb][\/et_pb_image][\/et_pb_column][\/et_pb_row][\/et_pb_section]<\/p>\n","protected":false},"excerpt":{"rendered":"<p>Constancia de reposici\u00f3n de nota de cursos de idiomas Q25.00PROCESO DE SOLICITUD 1. Genera la orden de pago de Q25.00\u2022 Poblaci\u00f3n general ingresar a https:\/\/usac.edu.gt\/calusacbol\/2. Realiza el pago en cualquier agencia o banca virtual Banrural, G&amp;T o Bantrab.3. Llena el formulario de Google.REQUISITOS \u2022 Orden de pago \u2022 Recibo de pago cancelado \u2022 DPIIMPORTANTE -Recibir\u00e1s [&hellip;]<\/p>\n","protected":false},"author":3,"featured_media":0,"parent":0,"menu_order":0,"comment_status":"closed","ping_status":"closed","template":"","meta":{"_et_pb_use_builder":"on","_et_pb_old_content":"[et_pb_section fb_built=\"1\" use_custom_gutter=\"on\" gutter_width=\"2\" specialty=\"on\" padding_top_1=\"0px\" padding_top_2=\"0px\" padding_bottom_1=\"0px\" padding_bottom_2=\"0px\" padding_top_bottom_link_1=\"true\" padding_top_bottom_link_2=\"true\" admin_label=\"Button Bar\" _builder_version=\"4.16\" background_color=\"#FFFFFF\" inner_width=\"100%\" inner_max_width=\"100%\" custom_margin=\"||||false|false\" custom_padding=\"0||0px||false|false\" use_custom_width=\"on\" width_unit=\"off\" custom_width_percent=\"100%\" global_colors_info=\"{}\"][et_pb_column type=\"1_2\" _builder_version=\"4.16\" custom_padding=\"|||\" global_colors_info=\"{}\" custom_padding__hover=\"|||\"][et_pb_blurb title=\"Constancia de reposici\u00f3n de nota de cursos de idiomas\" content_max_width=\"1100px\" content_max_width_last_edited=\"off|desktop\" _builder_version=\"4.16\" header_font=\"Alata|700||on|||||\" header_font_size=\"14px\" header_letter_spacing=\"5px\" header_line_height=\"2em\" body_font=\"||||||||\" background_color=\"#252e52\" background_color_gradient_direction=\"90deg\" text_orientation=\"right\" background_layout=\"dark\" custom_padding=\"20px|40px|12px|40px|false|true\" animation_style=\"slide\" animation_direction=\"left\" animation_intensity_slide=\"5%\" border_radii=\"||100px|100px|\" locked=\"off\" global_colors_info=\"{}\"][\/et_pb_blurb][\/et_pb_column][et_pb_column type=\"1_2\" specialty_columns=\"2\" _builder_version=\"4.16\" custom_padding=\"|||\" global_colors_info=\"{}\" custom_padding__hover=\"|||\"][\/et_pb_column][\/et_pb_section][et_pb_section fb_built=\"1\" admin_label=\"Features CTA Section\" _builder_version=\"4.16\" background_color=\"#FFFFFF\" custom_padding=\"23px|0px|0px|0px||\" saved_tabs=\"all\" global_colors_info=\"{}\"][et_pb_row _builder_version=\"4.16\" _module_preset=\"default\" global_colors_info=\"{}\"][et_pb_column type=\"4_4\" _builder_version=\"4.16\" _module_preset=\"default\" global_colors_info=\"{}\"][et_pb_text _builder_version=\"4.16\" _module_preset=\"default\" global_colors_info=\"{}\"]\n<h4 class=\"has-text-align-center\" style=\"text-align: center;\"><strong>Constancia de reposici\u00f3n de nota de cursos de idiomas Q25.00<\/strong><\/h4>\n[\/et_pb_text][et_pb_divider color=\"#3ca1cb\" divider_weight=\"2px\" _builder_version=\"4.16\" _module_preset=\"default\" width=\"18%\" module_alignment=\"center\" global_colors_info=\"{}\"][\/et_pb_divider][\/et_pb_column][\/et_pb_row][et_pb_row column_structure=\"1_2,1_2\" admin_label=\"Right Sided Image\" _builder_version=\"4.16\" width=\"100%\" max_width=\"80%\" custom_margin=\"-18px|auto||auto||\" custom_padding=\"8px|0px|33px|0px||\" global_colors_info=\"{}\"][et_pb_column type=\"1_2\" _builder_version=\"4.16\" custom_padding=\"|||\" global_colors_info=\"{}\" custom_padding__hover=\"|||\"][et_pb_text _builder_version=\"4.16\" text_font=\"ABeeZee||||||||\" text_text_color=\"#959baf\" text_line_height=\"1.8em\" link_font=\"ABeeZee||||||||\" header_font=\"ABeeZee||||||||\" header_text_align=\"left\" header_2_font=\"Alata|700|||||||\" header_2_text_color=\"#535b7c\" header_2_font_size=\"35px\" header_2_line_height=\"1.3em\" max_width=\"700px\" module_alignment=\"left\" global_colors_info=\"{}\"]\n<h2><strong>PROCESO DE SOLICITUD<\/strong><\/h2>\n<p class=\"has-text-align-left has-medium-font-size\">1. Genera la orden de pago de Q25.00\n\u2022 Poblaci\u00f3n general ingresar a\u00a0<a href=\"https:\/\/www.usac.edu.gt\/calusacbol.php\">https:\/\/www.usac.edu.gt\/calusacbol.php<\/a>\n2. Realiza el pago en cualquier agencia o banca virtual Banrural, G&amp;T o Bantrab.\n3. Llena el formulario de Google.<\/p>\n[\/et_pb_text][et_pb_divider color=\"#3ca1cb\" divider_weight=\"2px\" _builder_version=\"4.16\" _module_preset=\"default\" width=\"18%\" module_alignment=\"center\" global_colors_info=\"{}\"][\/et_pb_divider][\/et_pb_column][et_pb_column type=\"1_2\" _builder_version=\"4.16\" _module_preset=\"default\" global_colors_info=\"{}\"][et_pb_image src=\"https:\/\/calusacusac.usac.edu.gt\/wp-content\/uploads\/2021\/08\/feature-img-1-2.jpg\" title_text=\"feature-img-1-2\" _builder_version=\"4.16\" _module_preset=\"default\" global_colors_info=\"{}\"][\/et_pb_image][\/et_pb_column][\/et_pb_row][et_pb_row admin_label=\"Right Sided Image\" _builder_version=\"4.16\" width=\"100%\" max_width=\"80%\" custom_margin=\"-18px|auto||auto||\" custom_padding=\"8px|0px|33px|0px||\" global_colors_info=\"{}\"][et_pb_column type=\"4_4\" _builder_version=\"4.16\" custom_padding=\"|||\" global_colors_info=\"{}\" custom_padding__hover=\"|||\"][et_pb_button button_url=\"https:\/\/forms.gle\/NfqYM4AU2VDBM4iKA\" button_text=\"FormularioConstancia de reposici\u00f3n de nota de cursos de idiomas\" _builder_version=\"4.17.3\" _module_preset=\"default\" custom_button=\"on\" button_text_color=\"#FFFFFF\" button_bg_color=\"#3ca1cb\" button_border_width=\"0px\" button_border_radius=\"36px\" custom_margin=\"||13px|||\" hover_enabled=\"0\" global_colors_info=\"{}\" button_text_color__hover_enabled=\"on|hover\" button_text_color__hover=\"#FFFFFF\" button_bg_color__hover_enabled=\"on|hover\" button_bg_color__hover=\"#38669f\" button_bg_enable_color__hover=\"on\" sticky_enabled=\"0\"][\/et_pb_button][et_pb_divider color=\"#3ca1cb\" divider_weight=\"2px\" _builder_version=\"4.16\" _module_preset=\"default\" width=\"18%\" module_alignment=\"center\" global_colors_info=\"{}\"][\/et_pb_divider][\/et_pb_column][\/et_pb_row][et_pb_row admin_label=\"Right Sided Image\" _builder_version=\"4.16\" width=\"100%\" max_width=\"80%\" custom_margin=\"-18px|auto||auto||\" custom_padding=\"8px|0px|33px|0px||\" global_colors_info=\"{}\"][et_pb_column type=\"4_4\" _builder_version=\"4.16\" custom_padding=\"|||\" global_colors_info=\"{}\" custom_padding__hover=\"|||\"][et_pb_text _builder_version=\"4.16\" text_font=\"ABeeZee||||||||\" text_text_color=\"#959baf\" text_line_height=\"1.8em\" link_font=\"ABeeZee||||||||\" header_font=\"ABeeZee||||||||\" header_text_align=\"left\" header_2_font=\"Alata|700|||||||\" header_2_text_color=\"#535b7c\" header_2_font_size=\"35px\" header_2_line_height=\"1.3em\" max_width=\"700px\" module_alignment=\"left\" global_colors_info=\"{}\"]\n<h2><strong>REQUISITOS<\/strong><\/h2>\n<p class=\"has-text-align-left has-medium-font-size\">\u2022 Orden de pago\n\u2022 Recibo de pago cancelado\n\u2022 DPI<\/p>\n[\/et_pb_text][et_pb_divider color=\"#3ca1cb\" divider_weight=\"2px\" _builder_version=\"4.16\" _module_preset=\"default\" width=\"18%\" module_alignment=\"center\" global_colors_info=\"{}\"][\/et_pb_divider][\/et_pb_column][\/et_pb_row][et_pb_row admin_label=\"Right Sided Image\" _builder_version=\"4.16\" width=\"100%\" max_width=\"80%\" custom_margin=\"-18px|auto||auto||\" custom_padding=\"8px|0px|33px|0px||\" global_colors_info=\"{}\"][et_pb_column type=\"4_4\" _builder_version=\"4.16\" custom_padding=\"|||\" global_colors_info=\"{}\" custom_padding__hover=\"|||\"][et_pb_text _builder_version=\"4.16\" text_font=\"ABeeZee||||||||\" text_text_color=\"#959baf\" text_line_height=\"1.8em\" link_font=\"ABeeZee||||||||\" header_font=\"ABeeZee||||||||\" header_text_align=\"left\" header_2_font=\"Alata|700|||||||\" header_2_text_color=\"#535b7c\" header_2_font_size=\"35px\" header_2_line_height=\"1.3em\" max_width=\"700px\" module_alignment=\"left\" global_colors_info=\"{}\"]\n<h2><strong>IMPORTANTE<\/strong><\/h2>\n<p class=\"has-text-align-left has-medium-font-size\">-Estaremos extendiendo reposiciones de nota con fecha de 2018 hasta el momento, si estudiaste en a\u00f1os anteriores env\u00eda un correo electr\u00f3nico a <a href=\"mailto:msandoval@profesor.usac.edu.gt\">msandoval@profesor.usac.edu.gt<\/a> para realizar tu consulta y saber si debes llenar el formulario de solicitud<\/p>\n<p class=\"has-text-align-left has-medium-font-size\">-Recibir\u00e1s la Constancia de Curso v\u00eda correo electr\u00f3nico en la direcci\u00f3n que registraste en el formulario<\/p>\n[\/et_pb_text][et_pb_divider color=\"#3ca1cb\" divider_weight=\"2px\" _builder_version=\"4.16\" _module_preset=\"default\" width=\"18%\" module_alignment=\"center\" global_colors_info=\"{}\"][\/et_pb_divider][\/et_pb_column][\/et_pb_row][\/et_pb_section]","_et_gb_content_width":"","_eb_attr":"","footnotes":""},"class_list":["post-2558","page","type-page","status-publish","hentry"],"_links":{"self":[{"href":"https:\/\/calusacusac.usac.edu.gt\/index.php\/wp-json\/wp\/v2\/pages\/2558","targetHints":{"allow":["GET"]}}],"collection":[{"href":"https:\/\/calusacusac.usac.edu.gt\/index.php\/wp-json\/wp\/v2\/pages"}],"about":[{"href":"https:\/\/calusacusac.usac.edu.gt\/index.php\/wp-json\/wp\/v2\/types\/page"}],"author":[{"embeddable":true,"href":"https:\/\/calusacusac.usac.edu.gt\/index.php\/wp-json\/wp\/v2\/users\/3"}],"replies":[{"embeddable":true,"href":"https:\/\/calusacusac.usac.edu.gt\/index.php\/wp-json\/wp\/v2\/comments?post=2558"}],"version-history":[{"count":26,"href":"https:\/\/calusacusac.usac.edu.gt\/index.php\/wp-json\/wp\/v2\/pages\/2558\/revisions"}],"predecessor-version":[{"id":7762,"href":"https:\/\/calusacusac.usac.edu.gt\/index.php\/wp-json\/wp\/v2\/pages\/2558\/revisions\/7762"}],"wp:attachment":[{"href":"https:\/\/calusacusac.usac.edu.gt\/index.php\/wp-json\/wp\/v2\/media?parent=2558"}],"curies":[{"name":"wp","href":"https:\/\/api.w.org\/{rel}","templated":true}]}}