{"id":3224,"date":"2021-04-05T16:43:06","date_gmt":"2021-04-05T16:43:06","guid":{"rendered":"https:\/\/calusacusac.usac.edu.gt\/?page_id=3224"},"modified":"2023-06-16T17:55:16","modified_gmt":"2023-06-16T17:55:16","slug":"poblacion-general","status":"publish","type":"page","link":"https:\/\/calusacusac.usac.edu.gt\/index.php\/poblacion-general\/","title":{"rendered":"Poblaci\u00f3n General"},"content":{"rendered":"<p>[et_pb_section fb_built=\u00bb1&#8243; use_custom_gutter=\u00bbon\u00bb gutter_width=\u00bb2&#8243; specialty=\u00bbon\u00bb padding_top_1=\u00bb0px\u00bb padding_top_2=\u00bb0px\u00bb padding_bottom_1=\u00bb0px\u00bb padding_bottom_2=\u00bb0px\u00bb padding_top_bottom_link_1=\u00bbtrue\u00bb padding_top_bottom_link_2=\u00bbtrue\u00bb admin_label=\u00bbButton Bar\u00bb _builder_version=\u00bb4.16&#8243; background_color=\u00bb#FFFFFF\u00bb inner_width=\u00bb100%\u00bb inner_max_width=\u00bb100%\u00bb custom_margin=\u00bb||||false|false\u00bb custom_padding=\u00bb0||0px||false|false\u00bb use_custom_width=\u00bbon\u00bb width_unit=\u00bboff\u00bb custom_width_percent=\u00bb100%\u00bb global_colors_info=\u00bb{}\u00bb][et_pb_column type=\u00bb1_2&#8243; _builder_version=\u00bb4.16&#8243; custom_padding=\u00bb|||\u00bb global_colors_info=\u00bb{}\u00bb custom_padding__hover=\u00bb|||\u00bb][et_pb_blurb title=\u00bbPoblaci\u00f3n General\u00bb content_max_width=\u00bb1100px\u00bb content_max_width_last_edited=\u00bboff|desktop\u00bb _builder_version=\u00bb4.16&#8243; header_font=\u00bbAlata|700||on|||||\u00bb header_font_size=\u00bb14px\u00bb header_letter_spacing=\u00bb5px\u00bb header_line_height=\u00bb2em\u00bb body_font=\u00bb||||||||\u00bb background_color=\u00bb#252e52&#8243; background_color_gradient_direction=\u00bb90deg\u00bb text_orientation=\u00bbright\u00bb background_layout=\u00bbdark\u00bb custom_padding=\u00bb20px|40px|12px|40px|false|true\u00bb animation_style=\u00bbslide\u00bb animation_direction=\u00bbleft\u00bb animation_intensity_slide=\u00bb5%\u00bb border_radii=\u00bb||100px|100px|\u00bb locked=\u00bboff\u00bb global_colors_info=\u00bb{}\u00bb][\/et_pb_blurb][\/et_pb_column][et_pb_column type=\u00bb1_2&#8243; specialty_columns=\u00bb2&#8243; _builder_version=\u00bb4.16&#8243; custom_padding=\u00bb|||\u00bb global_colors_info=\u00bb{}\u00bb custom_padding__hover=\u00bb|||\u00bb][\/et_pb_column][\/et_pb_section][et_pb_section fb_built=\u00bb1&#8243; admin_label=\u00bbFeatures CTA Section\u00bb _builder_version=\u00bb4.16&#8243; background_color=\u00bb#FFFFFF\u00bb custom_padding=\u00bb23px|0px|0px|0px||\u00bb saved_tabs=\u00bball\u00bb global_colors_info=\u00bb{}\u00bb][et_pb_row _builder_version=\u00bb4.16&#8243; _module_preset=\u00bbdefault\u00bb global_colors_info=\u00bb{}\u00bb][et_pb_column type=\u00bb4_4&#8243; _builder_version=\u00bb4.16&#8243; _module_preset=\u00bbdefault\u00bb global_colors_info=\u00bb{}\u00bb][et_pb_text _builder_version=\u00bb4.17.3&#8243; _module_preset=\u00bbdefault\u00bb global_colors_info=\u00bb{}\u00bb]<\/p>\n<h3 class=\"has-text-align-center\" style=\"text-align: center;\"><strong><span class=\"cqiun4t2 khvhiq1o r5qsrrlp i5tg98hk iqx13udk przvwfww qiohso4h gfz4du6o r7fjleex nz2484kf svot0ezm dcnh1tix sxl192xd t3g6t33p\"><span class=\"\">\u26a0\ufe0f Aqu\u00ed puedes solicitar tu certificaci\u00f3n de cursos:<\/span><\/span><\/strong><\/h3>\n<p>[\/et_pb_text][et_pb_divider color=\u00bb#3ca1cb\u00bb divider_weight=\u00bb2px\u00bb _builder_version=\u00bb4.16&#8243; _module_preset=\u00bbdefault\u00bb width=\u00bb18%\u00bb module_alignment=\u00bbcenter\u00bb global_colors_info=\u00bb{}\u00bb][\/et_pb_divider][et_pb_text _builder_version=\u00bb4.17.3&#8243; text_font=\u00bbABeeZee||||||||\u00bb text_text_color=\u00bb#959baf\u00bb text_line_height=\u00bb1.8em\u00bb link_font=\u00bbABeeZee||||||||\u00bb header_font=\u00bbABeeZee||||||||\u00bb header_text_align=\u00bbleft\u00bb header_2_font=\u00bbAlata|700|||||||\u00bb header_2_text_color=\u00bb#535b7c\u00bb header_2_font_size=\u00bb35px\u00bb header_2_line_height=\u00bb1.3em\u00bb max_width=\u00bb700px\u00bb module_alignment=\u00bbleft\u00bb custom_padding=\u00bb||3px|||\u00bb locked=\u00bboff\u00bb global_colors_info=\u00bb{}\u00bb]<\/p>\n<h2><strong>PROCESO DE SOLICITUD<\/strong><\/h2>\n<p><strong><\/strong><\/p>\n<p><strong><\/strong><\/p>\n<p class=\"has-text-align-left has-medium-font-size\">1. Genera la orden de pago de Q25.00 <a href=\"https:\/\/www.usac.edu.gt\/calusacbol.php\">https:\/\/www.usac.edu.gt\/calusacbol.php<\/a>\u00a0<br \/>2. Realiza el pago en cualquier agencia o banca virtual Banrural, G&amp;T o Bantrab.\u00a0<br \/>3. Llena el formulario de Google<\/p>\n<p>[\/et_pb_text][\/et_pb_column][\/et_pb_row][\/et_pb_section][et_pb_section fb_built=\u00bb1&#8243; admin_label=\u00bbPerks &#038; Benefits\u00bb _builder_version=\u00bb4.16&#8243; background_color=\u00bb#f8fbfe\u00bb custom_padding=\u00bb28px|0px|38px|0px||\u00bb global_colors_info=\u00bb{}\u00bb][et_pb_row use_custom_gutter=\u00bbon\u00bb gutter_width=\u00bb2&#8243; admin_label=\u00bbFeatures Row\u00bb _builder_version=\u00bb4.16&#8243; custom_padding=\u00bb0.75%||0.75%|\u00bb global_colors_info=\u00bb{}\u00bb][et_pb_column type=\u00bb4_4&#8243; _builder_version=\u00bb4.16&#8243; background_color_gradient_direction=\u00bb243deg\u00bb custom_padding=\u00bb|||\u00bb global_colors_info=\u00bb{}\u00bb custom_padding__hover=\u00bb|||\u00bb][et_pb_blurb title=\u00bbFORMULARIO DE GOOGLE\u00bb icon_placement=\u00bbleft\u00bb _builder_version=\u00bb4.17.3&#8243; header_font=\u00bbNunito Sans|600|||||||\u00bb header_text_color=\u00bb#ffffff\u00bb header_line_height=\u00bb1.4em\u00bb body_font=\u00bbNunito Sans||||||||\u00bb body_text_color=\u00bb#959baf\u00bb body_font_size=\u00bb16px\u00bb background_color=\u00bb#3ca1cb\u00bb text_orientation=\u00bbcenter\u00bb width=\u00bb74%\u00bb module_alignment=\u00bbcenter\u00bb custom_margin=\u00bb|||\u00bb custom_padding=\u00bb8px||8px||true|false\u00bb animation_style=\u00bbzoom\u00bb animation_intensity_zoom=\u00bb5%\u00bb link_option_url=\u00bbhttps:\/\/forms.gle\/sH8Ey1nT57HPAzsL6&#8243; border_radii=\u00bbon|4px|4px|4px|4px\u00bb border_color_all=\u00bb#1e1584&#8243; border_width_top=\u00bb6px\u00bb box_shadow_style=\u00bbpreset3&#8243; box_shadow_color=\u00bbrgba(0,0,0,0.4)\u00bb global_colors_info=\u00bb{}\u00bb background__hover_enabled=\u00bbon|desktop\u00bb background_color__hover=\u00bb#38669f\u00bb background_enable_color__hover=\u00bbon\u00bb][\/et_pb_blurb][\/et_pb_column][\/et_pb_row][\/et_pb_section][et_pb_section fb_built=\u00bb1&#8243; admin_label=\u00bbFeatures CTA Section\u00bb _builder_version=\u00bb4.16&#8243; background_color=\u00bb#FFFFFF\u00bb custom_padding=\u00bb23px|0px|0px|0px||\u00bb saved_tabs=\u00bball\u00bb global_colors_info=\u00bb{}\u00bb][et_pb_row admin_label=\u00bbRight Sided Image\u00bb _builder_version=\u00bb4.16&#8243; width=\u00bb100%\u00bb max_width=\u00bb80%\u00bb custom_margin=\u00bb-1px|auto||auto||\u00bb custom_padding=\u00bb8px|0px|60px|0px||\u00bb global_colors_info=\u00bb{}\u00bb][et_pb_column type=\u00bb4_4&#8243; _builder_version=\u00bb4.16&#8243; custom_padding=\u00bb|||\u00bb global_colors_info=\u00bb{}\u00bb custom_padding__hover=\u00bb|||\u00bb][et_pb_text _builder_version=\u00bb4.16&#8243; text_font=\u00bbABeeZee||||||||\u00bb text_text_color=\u00bb#959baf\u00bb text_line_height=\u00bb1.8em\u00bb link_font=\u00bbABeeZee||||||||\u00bb header_font=\u00bbABeeZee||||||||\u00bb header_text_align=\u00bbleft\u00bb header_2_font=\u00bbAlata|700|||||||\u00bb header_2_text_color=\u00bb#535b7c\u00bb header_2_font_size=\u00bb35px\u00bb header_2_line_height=\u00bb1.3em\u00bb max_width=\u00bb700px\u00bb module_alignment=\u00bbleft\u00bb global_colors_info=\u00bb{}\u00bb]<\/p>\n<h2><strong>REQUISITOS<\/strong><\/h2>\n<p><strong><\/strong><\/p>\n<p><strong><\/strong><\/p>\n<p class=\"has-text-align-left has-medium-font-size\"><span>\u2022 Orden de pago<\/span><br \/><span>\u2022 Recibo de pago cancelado<\/span><br \/><span>\u2022 DPI<\/span><br \/><span>\u2022 Constancia del \u00faltimo curso aprobado<\/span><\/p>\n<p>[\/et_pb_text][et_pb_divider color=\u00bb#3ca1cb\u00bb divider_weight=\u00bb2px\u00bb _builder_version=\u00bb4.16&#8243; _module_preset=\u00bbdefault\u00bb width=\u00bb18%\u00bb module_alignment=\u00bbcenter\u00bb global_colors_info=\u00bb{}\u00bb][\/et_pb_divider][et_pb_text _builder_version=\u00bb4.17.3&#8243; text_font=\u00bbABeeZee||||||||\u00bb text_text_color=\u00bb#959baf\u00bb text_line_height=\u00bb1.8em\u00bb link_font=\u00bbABeeZee||||||||\u00bb header_font=\u00bbABeeZee||||||||\u00bb header_text_align=\u00bbleft\u00bb header_2_font=\u00bbAlata|700|||||||\u00bb header_2_text_color=\u00bb#535b7c\u00bb header_2_font_size=\u00bb35px\u00bb header_2_line_height=\u00bb1.3em\u00bb max_width=\u00bb700px\u00bb module_alignment=\u00bbleft\u00bb min_height=\u00bb351.2px\u00bb custom_margin=\u00bb|-81px||||\u00bb locked=\u00bboff\u00bb global_colors_info=\u00bb{}\u00bb]<\/p>\n<h2><strong>IMPORTANTE<\/strong><\/h2>\n<p><strong><\/strong><\/p>\n<p><strong><\/strong><\/p>\n<p class=\"has-text-align-left has-medium-font-size\"><span>\u2022 <span style=\"color: #000000;\">Los datos consignados en la solicitud de certificaci\u00f3n son responsabilidad del solicitante.<br \/><\/span><\/span><span>\u2022 <span style=\"color: #000000;\">CALUSAC no se hace responsable por certificaciones no recogidas despu\u00e9s de transcurridos 6 meses.<\/span><\/span><br \/><span>\u2022 <\/span><span style=\"color: #000000;\">Se aceptan pagos 2023 \u00fanicamente<br \/><span>\u2022 <\/span><\/span><span style=\"color: #000000;\">Debido a la alta demanda se trabajan en un aproximado de 20 d\u00edas h\u00e1biles, cuando ya est\u00e9 lista la recibir\u00e1n en el correo electr\u00f3nico que proporcionaste en el formulario<\/span><span style=\"color: #000000;\"><br \/><\/span><\/p>\n<h3 style=\"text-align: left;\"><\/h3>\n<p>[\/et_pb_text][et_pb_button button_url=\u00bbhttps:\/\/docs.google.com\/spreadsheets\/d\/1HMG_1oQoPSq3sPVwxxtmRpGb-FIvIUdA\/edit?usp=sharing&#038;ouid=116726961626892559635&#038;rtpof=true&#038;sd=true\u00bb button_text=\u00bbCertificaciones Listas 2023&#8243; _builder_version=\u00bb4.17.3&#8243; _module_preset=\u00bbdefault\u00bb custom_button=\u00bbon\u00bb button_text_size=\u00bb28px\u00bb button_text_color=\u00bb#0C71C3&#8243; button_border_width=\u00bb21px\u00bb button_border_color=\u00bb#0C71C3&#8243; button_font=\u00bb|800|||||||\u00bb hover_enabled=\u00bb0&#8243; locked=\u00bboff\u00bb global_colors_info=\u00bb{}\u00bb sticky_enabled=\u00bb0&#8243;][\/et_pb_button][\/et_pb_column][\/et_pb_row][\/et_pb_section]<\/p>\n","protected":false},"excerpt":{"rendered":"<p>\u26a0\ufe0f Aqu\u00ed puedes solicitar tu certificaci\u00f3n de cursos:PROCESO DE SOLICITUD 1. Genera la orden de pago de Q25.00 https:\/\/www.usac.edu.gt\/calusacbol.php\u00a02. Realiza el pago en cualquier agencia o banca virtual Banrural, G&amp;T o Bantrab.\u00a03. Llena el formulario de GoogleREQUISITOS \u2022 Orden de pago\u2022 Recibo de pago cancelado\u2022 DPI\u2022 Constancia del \u00faltimo curso aprobadoIMPORTANTE \u2022 Los datos consignados [&hellip;]<\/p>\n","protected":false},"author":3,"featured_media":0,"parent":0,"menu_order":0,"comment_status":"closed","ping_status":"closed","template":"","meta":{"_et_pb_use_builder":"on","_et_pb_old_content":"<!-- wp:heading {\"align\":\"center\",\"level\":4} -->\n<h4 class=\"has-text-align-center\"><strong>Certificaci\u00f3n de Cursos Q25.00<\/strong><\/h4>\n<!-- \/wp:heading -->\n\n<!-- wp:separator {\"color\":\"vivid-cyan-blue\",\"className\":\"is-style-default\"} -->\n<hr class=\"wp-block-separator has-text-color has-background has-vivid-cyan-blue-background-color has-vivid-cyan-blue-color is-style-default\"\/>\n<!-- \/wp:separator -->\n\n<!-- wp:heading {\"level\":6} -->\n<h6><strong> PROCESO DE SOLICITUD <\/strong><\/h6>\n<!-- \/wp:heading -->\n\n<!-- wp:paragraph -->\n<p>1. Genera la orden de pago de Q25.00 en  <a href=\"https:\/\/www.usac.edu.gt\/calusacbol.php\">https:\/\/www.usac.edu.gt\/calusacbol.php <\/a><br>2. Realiza el pago en cualquier agencia o banca virtual Banrural, G&amp;T o Bantrab. &nbsp; <br>3. Llena el formulario de Google. <\/p>\n<!-- \/wp:paragraph -->\n\n<!-- wp:separator {\"color\":\"vivid-cyan-blue\",\"className\":\"is-style-default\"} -->\n<hr class=\"wp-block-separator has-text-color has-background has-vivid-cyan-blue-background-color has-vivid-cyan-blue-color is-style-default\"\/>\n<!-- \/wp:separator -->\n\n<!-- wp:button {\"backgroundColor\":\"vivid-cyan-blue\"} -->\n<div class=\"wp-block-button\"><a class=\"wp-block-button__link has-background has-vivid-cyan-blue-background-color\" href=\"https:\/\/forms.gle\/uZog7sxUfrZv1bQX7\">Formulario de Google<\/a><\/div>\n<!-- \/wp:button -->\n\n<!-- wp:separator {\"color\":\"vivid-cyan-blue\",\"className\":\"is-style-default\"} -->\n<hr class=\"wp-block-separator has-text-color has-background has-vivid-cyan-blue-background-color has-vivid-cyan-blue-color is-style-default\"\/>\n<!-- \/wp:separator -->\n\n<!-- wp:heading {\"level\":6} -->\n<h6> <strong>REQUISITOS<\/strong> <\/h6>\n<!-- \/wp:heading -->\n\n<!-- wp:paragraph -->\n<p>\u2022 Orden de pago<br>\u2022 Recibo de pago cancelado<br>\u2022 DPI<br>\u2022 Constancia del \u00faltimo curso aprobado <\/p>\n<!-- \/wp:paragraph -->\n\n<!-- wp:separator {\"color\":\"vivid-cyan-blue\",\"className\":\"is-style-default\"} -->\n<hr class=\"wp-block-separator has-text-color has-background has-vivid-cyan-blue-background-color has-vivid-cyan-blue-color is-style-default\"\/>\n<!-- \/wp:separator -->\n\n<!-- wp:heading {\"level\":6} -->\n<h6><strong>IMPORTANTE<\/strong> <\/h6>\n<!-- \/wp:heading -->\n\n<!-- wp:paragraph -->\n<p>\u2022 Estamos certificando \u00fanicamente el \u00faltimo curso aprobado.<br>\u2022 El Certificado de Cursos CALUSAC lo recibir\u00e1s v\u00eda correo electr\u00f3nico y en formato PDF.<br>\u2022 El formulario debe llenarse una sola vez. Si env\u00edas varios formularios de diferentes correos, se tomar\u00e1 en cuenta \u00fanicamente el primero que enviaste. <\/p>\n<!-- \/wp:paragraph -->","_et_gb_content_width":"","_eb_attr":"","footnotes":""},"class_list":["post-3224","page","type-page","status-publish","hentry"],"_links":{"self":[{"href":"https:\/\/calusacusac.usac.edu.gt\/index.php\/wp-json\/wp\/v2\/pages\/3224","targetHints":{"allow":["GET"]}}],"collection":[{"href":"https:\/\/calusacusac.usac.edu.gt\/index.php\/wp-json\/wp\/v2\/pages"}],"about":[{"href":"https:\/\/calusacusac.usac.edu.gt\/index.php\/wp-json\/wp\/v2\/types\/page"}],"author":[{"embeddable":true,"href":"https:\/\/calusacusac.usac.edu.gt\/index.php\/wp-json\/wp\/v2\/users\/3"}],"replies":[{"embeddable":true,"href":"https:\/\/calusacusac.usac.edu.gt\/index.php\/wp-json\/wp\/v2\/comments?post=3224"}],"version-history":[{"count":18,"href":"https:\/\/calusacusac.usac.edu.gt\/index.php\/wp-json\/wp\/v2\/pages\/3224\/revisions"}],"predecessor-version":[{"id":6088,"href":"https:\/\/calusacusac.usac.edu.gt\/index.php\/wp-json\/wp\/v2\/pages\/3224\/revisions\/6088"}],"wp:attachment":[{"href":"https:\/\/calusacusac.usac.edu.gt\/index.php\/wp-json\/wp\/v2\/media?parent=3224"}],"curies":[{"name":"wp","href":"https:\/\/api.w.org\/{rel}","templated":true}]}}