{"id":6760,"date":"2024-01-15T04:19:22","date_gmt":"2024-01-15T04:19:22","guid":{"rendered":"https:\/\/calusacusac.usac.edu.gt\/?page_id=6760"},"modified":"2026-04-28T17:17:30","modified_gmt":"2026-04-28T17:17:30","slug":"examen-extemporaneo","status":"publish","type":"page","link":"https:\/\/calusacusac.usac.edu.gt\/index.php\/examen-extemporaneo\/","title":{"rendered":"Ex\u00e1menes Extempor\u00e1neos"},"content":{"rendered":"<p>[et_pb_section fb_built=\u00bb1&#8243; use_custom_gutter=\u00bbon\u00bb gutter_width=\u00bb2&#8243; specialty=\u00bbon\u00bb padding_top_1=\u00bb0px\u00bb padding_top_2=\u00bb0px\u00bb padding_bottom_1=\u00bb0px\u00bb padding_bottom_2=\u00bb0px\u00bb padding_top_bottom_link_1=\u00bbtrue\u00bb padding_top_bottom_link_2=\u00bbtrue\u00bb admin_label=\u00bbButton Bar\u00bb _builder_version=\u00bb4.16&#8243; background_color=\u00bb#FFFFFF\u00bb inner_width=\u00bb100%\u00bb inner_max_width=\u00bb100%\u00bb custom_margin=\u00bb||||false|false\u00bb custom_padding=\u00bb0||0px||false|false\u00bb use_custom_width=\u00bbon\u00bb width_unit=\u00bboff\u00bb custom_width_percent=\u00bb100%\u00bb locked=\u00bboff\u00bb global_colors_info=\u00bb{}\u00bb][et_pb_column type=\u00bb1_2&#8243; _builder_version=\u00bb4.16&#8243; custom_padding=\u00bb|||\u00bb global_colors_info=\u00bb{}\u00bb custom_padding__hover=\u00bb|||\u00bb][et_pb_blurb title=\u00bbEx\u00e1menes Extempor\u00e1neos\u00bb content_max_width=\u00bb1100px\u00bb content_max_width_last_edited=\u00bboff|desktop\u00bb _builder_version=\u00bb4.16&#8243; header_font=\u00bbAlata|700||on|||||\u00bb header_font_size=\u00bb14px\u00bb header_letter_spacing=\u00bb5px\u00bb header_line_height=\u00bb2em\u00bb body_font=\u00bb||||||||\u00bb background_color=\u00bb#252e52&#8243; background_color_gradient_direction=\u00bb90deg\u00bb text_orientation=\u00bbright\u00bb background_layout=\u00bbdark\u00bb custom_padding=\u00bb20px|40px|12px|40px|false|true\u00bb animation_style=\u00bbslide\u00bb animation_direction=\u00bbleft\u00bb animation_intensity_slide=\u00bb5%\u00bb border_radii=\u00bb||100px|100px|\u00bb locked=\u00bboff\u00bb global_colors_info=\u00bb{}\u00bb][\/et_pb_blurb][\/et_pb_column][et_pb_column type=\u00bb1_2&#8243; specialty_columns=\u00bb2&#8243; _builder_version=\u00bb4.16&#8243; custom_padding=\u00bb|||\u00bb global_colors_info=\u00bb{}\u00bb custom_padding__hover=\u00bb|||\u00bb][\/et_pb_column][\/et_pb_section][et_pb_section fb_built=\u00bb1&#8243; admin_label=\u00bbFeatures CTA Section\u00bb _builder_version=\u00bb4.16&#8243; background_color=\u00bb#FFFFFF\u00bb custom_padding=\u00bb23px|0px|0px|0px||\u00bb saved_tabs=\u00bball\u00bb global_colors_info=\u00bb{}\u00bb][et_pb_row admin_label=\u00bbRight Sided Image\u00bb _builder_version=\u00bb4.17.3&#8243; width=\u00bb100%\u00bb max_width=\u00bb80%\u00bb min_height=\u00bb168px\u00bb custom_padding=\u00bb46px|0px|60px|0px||\u00bb global_colors_info=\u00bb{}\u00bb][et_pb_column type=\u00bb4_4&#8243; _builder_version=\u00bb4.16&#8243; _module_preset=\u00bbdefault\u00bb global_colors_info=\u00bb{}\u00bb][et_pb_text _builder_version=\u00bb4.27.6&#8243; text_font=\u00bbABeeZee|700|||||||\u00bb text_text_color=\u00bb#959baf\u00bb text_line_height=\u00bb1.8em\u00bb link_font=\u00bbABeeZee||||||||\u00bb link_font_size=\u00bb13px\u00bb header_font=\u00bbABeeZee||||||||\u00bb header_text_align=\u00bbleft\u00bb header_2_font=\u00bbAlata|700|||||||\u00bb header_2_text_color=\u00bb#535b7c\u00bb header_2_font_size=\u00bb35px\u00bb header_2_line_height=\u00bb1.3em\u00bb max_width=\u00bb700px\u00bb module_alignment=\u00bbcenter\u00bb custom_margin=\u00bb||18px|||\u00bb animation_style=\u00bbzoom\u00bb hover_enabled=\u00bb0&#8243; box_shadow_style=\u00bbpreset1&#8243; box_shadow_color=\u00bbrgba(12,113,195,0.3)\u00bb locked=\u00bboff\u00bb global_colors_info=\u00bb{}\u00bb sticky_enabled=\u00bb0&#8243;]<\/p>\n<h2 style=\"text-align: center;\"><strong>Examen extempor\u00e1neo &#8211; <span>T<\/span><span class=\"gmail_default\">ercer Intensivo &#8211; Abril\u00a0<\/span><span>2026<\/span><\/strong><\/h2>\n<p>[\/et_pb_text][\/et_pb_column][\/et_pb_row][et_pb_row column_structure=\u00bb1_2,1_2&#8243; admin_label=\u00bbRight Sided Image\u00bb _builder_version=\u00bb4.17.3&#8243; width=\u00bb100%\u00bb max_width=\u00bb80%\u00bb min_height=\u00bb249px\u00bb custom_padding=\u00bb46px|0px|60px|0px||\u00bb global_colors_info=\u00bb{}\u00bb][et_pb_column type=\u00bb1_2&#8243; _builder_version=\u00bb4.16&#8243; custom_padding=\u00bb|||\u00bb animation_style=\u00bbzoom\u00bb animation_direction=\u00bbright\u00bb animation_intensity_zoom=\u00bb5%\u00bb global_colors_info=\u00bb{}\u00bb custom_padding__hover=\u00bb|||\u00bb][et_pb_accordion _builder_version=\u00bb4.27.6&#8243; _module_preset=\u00bbdefault\u00bb body_font=\u00bbABeeZee||||||||\u00bb body_font_size=\u00bb20px\u00bb hover_enabled=\u00bb0&#8243; global_colors_info=\u00bb{}\u00bb sticky_enabled=\u00bb0&#8243;][et_pb_accordion_item title=\u00bbExamen Extempor\u00e1neo &#8211; Ingl\u00e9s\u00bb open=\u00bbon\u00bb _builder_version=\u00bb4.27.6&#8243; _module_preset=\u00bbdefault\u00bb hover_enabled=\u00bb0&#8243; global_colors_info=\u00bb{}\u00bb toggle_text_color=\u00bb#1d3560&#8243; toggle_level=\u00bbh1&#8243; toggle_font=\u00bbABeeZee|700|||||||\u00bb toggle_font_size=\u00bb32px\u00bb sticky_enabled=\u00bb0&#8243;]<\/p>\n<ul>\n<li>\n<h4><strong>Valor del examen:<\/strong>Q75.00<\/h4>\n<\/li>\n<li>\n<h4><strong>Fechas de asignaci\u00f3n:<\/strong> Del 29 de abril al lunes 4 de mayo.<\/h4>\n<\/li>\n<li>\n<h4><strong>Fecha de evaluaci\u00f3n: Mi\u00e9rcoles 6 de mayo<\/strong>\u00a02026.<\/h4>\n<\/li>\n<\/ul>\n<p>[\/et_pb_accordion_item][\/et_pb_accordion][et_pb_accordion open_toggle_text_color=\u00bb#0C71C3&#8243; _builder_version=\u00bb4.27.6&#8243; _module_preset=\u00bbdefault\u00bb toggle_text_color=\u00bb#8300E9&#8243; toggle_text_align=\u00bbcenter\u00bb body_font=\u00bbABeeZee||||||||\u00bb body_font_size=\u00bb20px\u00bb background_color=\u00bbRGBA(255,255,255,0)\u00bb text_orientation=\u00bbcenter\u00bb width=\u00bb100%\u00bb toggle_text_shadow_style=\u00bbpreset3&#8243; toggle_text_shadow_color=\u00bb#0C71C3&#8243; global_colors_info=\u00bb{}\u00bb][et_pb_accordion_item title=\u00bbIMPORTANTE\u00bb open=\u00bbon\u00bb _builder_version=\u00bb4.27.6&#8243; _module_preset=\u00bbdefault\u00bb body_text_align=\u00bbcenter\u00bb box_shadow_style=\u00bbpreset1&#8243; global_colors_info=\u00bb{}\u00bb toggle_text_color=\u00bb#1d3560&#8243; toggle_level=\u00bbh1&#8243; toggle_font=\u00bbABeeZee|700|||||||\u00bb toggle_font_size=\u00bb32px\u00bb closed_toggle_text_align=\u00bbcenter\u00bb]<\/p>\n<ul>\n<li style=\"text-align: justify;\"><strong>El examen extempor\u00e1neo es exclusivo para quienes no pudieron realizar el examen final del 1er bimestre, no es retrasada.<\/strong><\/li>\n<\/ul>\n<h3 style=\"text-align: justify;\"><\/h3>\n<p style=\"text-align: justify;\">\n<ul>\n<li style=\"text-align: justify;\"><strong>Despu\u00e9s de realizar su pago, es indispensable llenar el formulario para que le env\u00eden la informaci\u00f3n e indicaciones para realizar el examen.<\/strong><\/li>\n<\/ul>\n<p>[\/et_pb_accordion_item][\/et_pb_accordion][\/et_pb_column][et_pb_column type=\u00bb1_2&#8243; _builder_version=\u00bb4.16&#8243; custom_padding=\u00bb|||\u00bb global_colors_info=\u00bb{}\u00bb custom_padding__hover=\u00bb|||\u00bb][et_pb_button button_url=\u00bbhttps:\/\/usac.edu.gt\/calusacbol\/\u00bb button_text=\u00bbGenera la orden de pago Q75.00&#8243; _builder_version=\u00bb4.27.4&#8243; _dynamic_attributes=\u00bbbutton_url\u00bb _module_preset=\u00bbdefault\u00bb custom_button=\u00bbon\u00bb button_text_color=\u00bb#FFFFFF\u00bb button_bg_color=\u00bb#009fdd\u00bb button_border_width=\u00bb0px\u00bb custom_margin=\u00bb||13px|||\u00bb global_colors_info=\u00bb{}\u00bb button_text_color__hover_enabled=\u00bbon|hover\u00bb button_text_color__hover=\u00bb#FFFFFF\u00bb button_bg_color__hover_enabled=\u00bbon|hover\u00bb button_bg_color__hover=\u00bb#38669f\u00bb button_bg_enable_color__hover=\u00bbon\u00bb][\/et_pb_button][et_pb_button button_url=\u00bbhttps:\/\/docs.google.com\/forms\/d\/e\/1FAIpQLScktM_F0afEydPROdFmn5HFfVqAiyrZjLoWiTqIGOKQI4GeOg\/viewform?pli=1&#8243; url_new_window=\u00bbon\u00bb button_text=\u00bbFormulario de asignaci\u00f3n\u00bb _builder_version=\u00bb4.27.6&#8243; _module_preset=\u00bbdefault\u00bb custom_button=\u00bbon\u00bb button_text_color=\u00bb#FFFFFF\u00bb button_bg_color=\u00bb#7CDA24&#8243; button_border_width=\u00bb0px\u00bb custom_margin=\u00bb||13px|||\u00bb hover_enabled=\u00bb0&#8243; global_colors_info=\u00bb{}\u00bb button_text_color__hover_enabled=\u00bbon|hover\u00bb button_text_color__hover=\u00bb#FFFFFF\u00bb button_bg_color__hover_enabled=\u00bbon|hover\u00bb button_bg_color__hover=\u00bb#38669f\u00bb button_bg_enable_color__hover=\u00bbon\u00bb sticky_enabled=\u00bb0&#8243;][\/et_pb_button][et_pb_code _builder_version=\u00bb4.27.6&#8243; _module_preset=\u00bbdefault\u00bb width=\u00bb100%\u00bb max_width=\u00bb100%\u00bb animation_style=\u00bbfade\u00bb box_shadow_style=\u00bbpreset1&#8243; box_shadow_vertical=\u00bb1px\u00bb global_colors_info=\u00bb{}\u00bb]<center>                <div class=\"igd igd-shortcode-wrap igd-shortcode-gallery\"\n                     data-shortcode-data=\"eyJ0eXBlIjoiZ2FsbGVyeSIsImlkIjo1LCJ0aXRsZSI6IkVYQU1FTkVTIEVYVEVNUE9SQU5FT1MiLCJhbGxGb2xkZXJzIjpmYWxzZSwiZm9sZGVycyI6W3siaWQiOiIxc0g4cHRMRHFtaW5EeU9FOGlhc3BjaEJRbFQwS3dxejkiLCJuYW1lIjoiMTcwMzIwMjYsIEVYQU1FTiBFWFRFTVBPUkFORU8gMSBCSU0uIDIwMjYuanBlZyIsInR5cGUiOiJpbWFnZVwvanBlZyIsInNpemUiOiIxMjg1MDYiLCJpY29uTGluayI6Imh0dHBzOlwvXC9kcml2ZS10aGlyZHBhcnR5Lmdvb2dsZXVzZXJjb250ZW50LmNvbVwvMTZcL3R5cGVcL2ltYWdlXC9qcGVnIiwidGh1bWJuYWlsTGluayI6Imh0dHBzOlwvXC9saDMuZ29vZ2xldXNlcmNvbnRlbnQuY29tXC9kcml2ZS1zdG9yYWdlXC9BSlFXdEJPNjBPU0dCM25rM0dGS0ticEF1NkticE53UjFJdVNqUC1NRFhXT3VqdnVyLWNoWTctMFE1bVlXNXN1TV9fYmRFa3pDUlFwMTdnRmJyQ01YR2NtbUlMdXROSHh1VkJfOVJmS2lNMEtDTC1xbHpyejlBPXMyMjAiLCJ3ZWJWaWV3TGluayI6Imh0dHBzOlwvXC9kcml2ZS5nb29nbGUuY29tXC9maWxlXC9kXC8xc0g4cHRMRHFtaW5EeU9FOGlhc3BjaEJRbFQwS3dxejlcL3ZpZXc\/dXNwPWRyaXZlc2RrIiwid2ViQ29udGVudExpbmsiOiJodHRwczpcL1wvZHJpdmUuZ29vZ2xlLmNvbVwvdWM\/aWQ9MXNIOHB0TERxbWluRHlPRThpYXNwY2hCUWxUMEt3cXo5JmV4cG9ydD1kb3dubG9hZCIsImNyZWF0ZWQiOiIyMDI2LTAzLTE3VDE5OjAxOjI5LjY0NFoiLCJ1cGRhdGVkIjoiMjAyNi0wMy0xN1QxOTowMToxOC4wMDBaIiwiZGVzY3JpcHRpb24iOiIiLCJzaGFyZWQiOnRydWUsInNoYXJlZFdpdGhNZVRpbWUiOiIiLCJleHRlbnNpb24iOiJqcGVnIiwicmVzb3VyY2VLZXkiOiIiLCJjb3B5UmVxdWlyZXNXcml0ZXJQZXJtaXNzaW9uIjpmYWxzZSwic3RhcnJlZCI6ZmFsc2UsImV4cG9ydExpbmtzIjpbXSwiYWNjb3VudElkIjoiMTAwODA1Njk0MTQwMDg5ODAyNDQiLCJwYXJlbnRzIjpbIjFhbFZWZGRlaERyd1pCN1JyZHRYcjFNWVE1bXdYSk9VVSJdLCJwZXJtaXNzaW9ucyI6eyJjYW5QcmV2aWV3Ijp0cnVlLCJjYW5Eb3dubG9hZCI6dHJ1ZSwiY2FuRWRpdCI6ZmFsc2UsImNhbkRlbGV0ZSI6ZmFsc2UsImNhblRyYXNoIjpmYWxzZSwiY2FuTW92ZSI6dHJ1ZSwiY2FuUmVuYW1lIjp0cnVlLCJjYW5TaGFyZSI6dHJ1ZSwiY29weVJlcXVpcmVzV3JpdGVyUGVybWlzc2lvbiI6ZmFsc2UsImNhbkNoYW5nZUNvcHlSZXF1aXJlc1dyaXRlclBlcm1pc3Npb24iOnRydWUsInVzZXJzIjp7ImFueW9uZVdpdGhMaW5rIjp7InR5cGUiOiJhbnlvbmUiLCJyb2xlIjoicmVhZGVyIiwiZG9tYWluIjoiIn0sIjEwMDgwNTY5NDE0MDA4OTgwMjQ0Ijp7InR5cGUiOiJ1c2VyIiwicm9sZSI6IndyaXRlciIsImRvbWFpbiI6IiJ9LCIwMDQ5OTEzNDI5NzEzNzc5NDMxMiI6eyJ0eXBlIjoidXNlciIsInJvbGUiOiJ3cml0ZXIiLCJkb21haW4iOiIifSwiMDY5NDg2MTY4MDI3NTE1MTY3NTMiOnsidHlwZSI6InVzZXIiLCJyb2xlIjoid3JpdGVyIiwiZG9tYWluIjoiIn0sIjAyNDIwMDI0NTAzOTU2NTU2OTM0Ijp7InR5cGUiOiJ1c2VyIiwicm9sZSI6Im93bmVyIiwiZG9tYWluIjoiIn19fSwiZXhwb3J0QXMiOltdLCJtZXRhRGF0YSI6eyJ3aWR0aCI6Njc1LCJoZWlnaHQiOjY3MH0sImlzRm9sZGVyIjpmYWxzZX1dLCJwYXJlbnRGb2xkZXIiOm51bGwsInRlbXBsYXRlRm9sZGVyIjpudWxsLCJnYWxsZXJ5T3ZlcmxheVRpdGxlIjpmYWxzZSwiZ2FsbGVyeU92ZXJsYXlEZXNjcmlwdGlvbiI6ZmFsc2UsInNob3dSZWZyZXNoIjpmYWxzZSwiYWxsb3dQcmV2aWV3UG9wb3V0IjpmYWxzZSwibWVkaWFQcmV2aWV3IjoiZGlyZWN0IiwibW9kdWxlV2lkdGgiOiI1MCUiLCJtb2R1bGVIZWlnaHQiOiI1MCUiLCJub25jZSI6ImIwYmViZDU3NmIiLCJwcmV2aWV3Ijp0cnVlLCJkb3dubG9hZCI6dHJ1ZSwiY2FuRGVsZXRlIjpmYWxzZSwicmVuYW1lIjpmYWxzZSwidXBsb2FkIjpmYWxzZSwibmV3Rm9sZGVyIjpmYWxzZSwibW92ZUNvcHkiOmZhbHNlLCJhbGxvd1NoYXJlIjpmYWxzZSwiYWxsb3dTZWFyY2giOmZhbHNlLCJjcmVhdGVEb2MiOmZhbHNlLCJlZGl0IjpmYWxzZSwiY29weUxpbmsiOmZhbHNlLCJkZXRhaWxzIjpmYWxzZSwiY29tbWVudCI6ZmFsc2UsInBob3RvUHJvb2YiOmZhbHNlLCJmaWx0ZXJzIjp7ImFsbG93RXh0ZW5zaW9ucyI6IiIsImFsbG93QWxsRXh0ZW5zaW9ucyI6ZmFsc2UsImFsbG93RXhjZXB0RXh0ZW5zaW9ucyI6IiIsImFsbG93TmFtZXMiOiIiLCJhbGxvd0FsbE5hbWVzIjoiIiwiYWxsb3dFeGNlcHROYW1lcyI6IiIsIm5hbWVGaWx0ZXJPcHRpb25zIjpbImZpbGVzIl0sInNob3dGaWxlcyI6dHJ1ZSwic2hvd0ZvbGRlcnMiOnRydWUsImlzR2FsbGVyeSI6dHJ1ZX0sImluaXRQYXJlbnRGb2xkZXIiOnsiaWQiOiIxYWxWVmRkZWhEcndaQjdScmR0WHIxTVlRNW13WEpPVVUiLCJuYW1lIjoiRVhBTUVORVMgRVhURU1QT1JBTkVPUyIsInR5cGUiOiJhcHBsaWNhdGlvblwvdm5kLmdvb2dsZS1hcHBzLmZvbGRlciIsInNpemUiOjAsImljb25MaW5rIjoiaHR0cHM6XC9cL2RyaXZlLXRoaXJkcGFydHkuZ29vZ2xldXNlcmNvbnRlbnQuY29tXC8xNlwvdHlwZVwvYXBwbGljYXRpb25cL3ZuZC5nb29nbGUtYXBwcy5mb2xkZXIrc2hhcmVkIiwidGh1bWJuYWlsTGluayI6IiIsIndlYlZpZXdMaW5rIjoiaHR0cHM6XC9cL2RyaXZlLmdvb2dsZS5jb21cL2RyaXZlXC9mb2xkZXJzXC8xYWxWVmRkZWhEcndaQjdScmR0WHIxTVlRNW13WEpPVVUiLCJ3ZWJDb250ZW50TGluayI6IiIsImNyZWF0ZWQiOiIyMDI2LTAxLTIxVDE3OjI5OjAxLjc4MFoiLCJ1cGRhdGVkIjoiMjAyNi0wMS0yMVQxNzoyOTowMS43ODBaIiwiZGVzY3JpcHRpb24iOiIiLCJzaGFyZWQiOnRydWUsInNoYXJlZFdpdGhNZVRpbWUiOiIiLCJleHRlbnNpb24iOiIiLCJyZXNvdXJjZUtleSI6IiIsImNvcHlSZXF1aXJlc1dyaXRlclBlcm1pc3Npb24iOmZhbHNlLCJzdGFycmVkIjpmYWxzZSwiZXhwb3J0TGlua3MiOltdLCJhY2NvdW50SWQiOiIxMDA4MDU2OTQxNDAwODk4MDI0NCIsInBhcmVudHMiOlsiMTZKX3JYVTJiZVNKdkpBYWtPWEFTcDNRRE40cFFmbEFqIl0sInBlcm1pc3Npb25zIjp7ImNhblByZXZpZXciOnRydWUsImNhbkRvd25sb2FkIjpmYWxzZSwiY2FuRWRpdCI6ZmFsc2UsImNhbkRlbGV0ZSI6ZmFsc2UsImNhblRyYXNoIjpmYWxzZSwiY2FuTW92ZSI6dHJ1ZSwiY2FuUmVuYW1lIjp0cnVlLCJjYW5TaGFyZSI6dHJ1ZSwiY29weVJlcXVpcmVzV3JpdGVyUGVybWlzc2lvbiI6ZmFsc2UsImNhbkNoYW5nZUNvcHlSZXF1aXJlc1dyaXRlclBlcm1pc3Npb24iOnRydWUsInVzZXJzIjp7ImFueW9uZVdpdGhMaW5rIjp7InR5cGUiOiJhbnlvbmUiLCJyb2xlIjoicmVhZGVyIiwiZG9tYWluIjoiIn0sIjEwMDgwNTY5NDE0MDA4OTgwMjQ0Ijp7InR5cGUiOiJ1c2VyIiwicm9sZSI6IndyaXRlciIsImRvbWFpbiI6IiJ9LCIwMDQ5OTEzNDI5NzEzNzc5NDMxMiI6eyJ0eXBlIjoidXNlciIsInJvbGUiOiJ3cml0ZXIiLCJkb21haW4iOiIifSwiMDY5NDg2MTY4MDI3NTE1MTY3NTMiOnsidHlwZSI6InVzZXIiLCJyb2xlIjoib3duZXIiLCJkb21haW4iOiIifSwiMDI0MjAwMjQ1MDM5NTY1NTY5MzQiOnsidHlwZSI6InVzZXIiLCJyb2xlIjoid3JpdGVyIiwiZG9tYWluIjoiIn19fSwiZXhwb3J0QXMiOltdLCJpc0ZvbGRlciI6dHJ1ZSwicGFnZU51bWJlciI6MSwiY291bnQiOjF9LCJhY2NvdW50cyI6eyIxMDA4MDU2OTQxNDAwODk4MDI0NCI6eyJpZCI6IjEwMDgwNTY5NDE0MDA4OTgwMjQ0IiwibmFtZSI6IiIsImVtYWlsIjoiIiwicGhvdG8iOiJodHRwczpcL1wvbGgzLmdvb2dsZXVzZXJjb250ZW50LmNvbVwvYVwvQUNnOG9jS0Z2SjVsbllISVBQSURXbl9vTXh5b3hDLWd1b0FYcjdabmZBRmFXZFQtNVdweG5oRT1zNjQiLCJzdG9yYWdlIjp7InVzYWdlIjoiNzgzNzcyNTQ4ODI5OTYiLCJsaW1pdCI6MTc3MDYwMDI2Nzc3NjAwfSwibG9zdCI6ZmFsc2UsInJvb3RfaWQiOiIwQUtpcTZTei1kQzNjVWs5UFZBIiwidXNlcl9pZCI6WyJhZG1pbiJdfX0sImFjY291bnQiOnsiaWQiOiIxMDA4MDU2OTQxNDAwODk4MDI0NCIsIm5hbWUiOiJDQUxVU0FDIFZpcnR1YWwiLCJlbWFpbCI6ImNhbHVzYWN2aXJ0dWFsQHByb2Zlc29yLnVzYWMuZWR1Lmd0IiwicGhvdG8iOiJodHRwczpcL1wvbGgzLmdvb2dsZXVzZXJjb250ZW50LmNvbVwvYVwvQUNnOG9jS0Z2SjVsbllISVBQSURXbl9vTXh5b3hDLWd1b0FYcjdabmZBRmFXZFQtNVdweG5oRT1zNjQiLCJzdG9yYWdlIjp7InVzYWdlIjoiNzgzNzcyNTQ4ODI5OTYiLCJsaW1pdCI6MTc3MDYwMDI2Nzc3NjAwfSwibG9zdCI6ZmFsc2UsInJvb3RfaWQiOiIwQUtpcTZTei1kQzNjVWs5UFZBIiwidXNlcl9pZCI6WyJhZG1pbiJdfX0=\"\n                     style=\"--module-width: 50%; --module-height: 50%;\"\n                ><\/div>\n                <\/center>[\/et_pb_code][\/et_pb_column][\/et_pb_row][et_pb_row column_structure=\u00bb1_2,1_2&#8243; _builder_version=\u00bb4.27.4&#8243; background_size=\u00bbinitial\u00bb background_position=\u00bbtop_left\u00bb background_repeat=\u00bbrepeat\u00bb custom_margin=\u00bb|||\u00bb locked=\u00bboff\u00bb global_colors_info=\u00bb{}\u00bb][et_pb_column type=\u00bb1_2&#8243; _builder_version=\u00bb4.16&#8243; custom_padding=\u00bb40px|||\u00bb global_colors_info=\u00bb{}\u00bb custom_padding__hover=\u00bb|||\u00bb][et_pb_text _builder_version=\u00bb4.27.4&#8243; text_font=\u00bbABeeZee||||||||\u00bb text_text_color=\u00bb#959baf\u00bb text_line_height=\u00bb1.8em\u00bb link_font=\u00bbABeeZee||||||||\u00bb header_font=\u00bbABeeZee||||||||\u00bb header_text_align=\u00bbleft\u00bb header_2_font=\u00bbAlata|700|||||||\u00bb header_2_text_color=\u00bb#535b7c\u00bb header_2_font_size=\u00bb35px\u00bb header_2_line_height=\u00bb1.3em\u00bb max_width=\u00bb700px\u00bb module_alignment=\u00bbleft\u00bb custom_padding=\u00bb1px|4px||||\u00bb animation_style=\u00bbzoom\u00bb global_colors_info=\u00bb{}\u00bb]<\/p>\n<h1><strong style=\"color: #535b7c; font-family: Alata, Helvetica, Arial, Lucida, sans-serif; font-size: 35px;\">ENCARGADA DEL PROCESO<\/strong><\/h1>\n<p>&nbsp;<\/p>\n<h1><\/h1>\n<h3><span><span style=\"color: #5b5c5e; font-size: medium; font-family: ABeeZee; font-weight: normal;\">\u26a0\ufe0fEnv\u00edanos tus dudas al correo <span style=\"color: #3366ff;\"><a href=\"mailto:elaine.reyes@profesor.usac.edu.gt\" target=\"_blank\" rel=\"noopener\" title=\"elaine.reyes@profesor.usac.edu.gt\" style=\"color: #3366ff;\">elaine.reyes@profesor.usac.edu.gt<\/a><\/span><\/span><\/span><\/h3>\n<p>[\/et_pb_text][\/et_pb_column][et_pb_column type=\u00bb1_2&#8243; _builder_version=\u00bb4.16&#8243; _module_preset=\u00bbdefault\u00bb global_colors_info=\u00bb{}\u00bb][et_pb_image src=\u00bbhttps:\/\/calusacusac.usac.edu.gt\/wp-content\/uploads\/2021\/08\/language-school-illustration-22.png\u00bb title_text=\u00bblanguage-school-illustration-22&#8243; _builder_version=\u00bb4.16&#8243; _module_preset=\u00bbdefault\u00bb width=\u00bb100%\u00bb global_colors_info=\u00bb{}\u00bb][\/et_pb_image][\/et_pb_column][\/et_pb_row][\/et_pb_section][et_pb_section fb_built=\u00bb1&#8243; prev_background_color=\u00bb#FFFFFF\u00bb admin_label=\u00bbCenter Aligned Text \u00bb _builder_version=\u00bb4.16&#8243; background_color=\u00bb#1d3560&#8243; background_color_gradient_direction=\u00bb135deg\u00bb background_enable_image=\u00bboff\u00bb background_blend=\u00bboverlay\u00bb custom_padding=\u00bb0px|0px|0px|0px|false|false\u00bb top_divider_style=\u00bbasymmetric4&#8243; top_divider_flip=\u00bbvertical\u00bb bottom_divider_flip=\u00bbvertical\u00bb animation_direction=\u00bbbottom\u00bb locked=\u00bboff\u00bb global_colors_info=\u00bb{}\u00bb][\/et_pb_section]<\/p>\n","protected":false},"excerpt":{"rendered":"<p>Examen extempor\u00e1neo &#8211; Tercer Intensivo &#8211; Abril\u00a02026 Valor del examen:Q75.00 Fechas de asignaci\u00f3n: Del 29 de abril al lunes 4 de mayo. Fecha de evaluaci\u00f3n: Mi\u00e9rcoles 6 de mayo\u00a02026. El examen extempor\u00e1neo es exclusivo para quienes no pudieron realizar el examen final del 1er bimestre, no es retrasada. Despu\u00e9s de realizar su pago, es indispensable [&hellip;]<\/p>\n","protected":false},"author":4,"featured_media":0,"parent":0,"menu_order":0,"comment_status":"closed","ping_status":"closed","template":"","meta":{"_et_pb_use_builder":"on","_et_pb_old_content":"<!-- wp:paragraph -->\n<p>[et_pb_section fb_built=\"1\" use_custom_gutter=\"on\" gutter_width=\"2\" specialty=\"on\" padding_top_1=\"0px\" padding_top_2=\"0px\" padding_bottom_1=\"0px\" padding_bottom_2=\"0px\" padding_top_bottom_link_1=\"true\" padding_top_bottom_link_2=\"true\" admin_label=\"Button Bar\" _builder_version=\"4.16\" background_color=\"#FFFFFF\" inner_width=\"100%\" inner_max_width=\"100%\" custom_margin=\"||||false|false\" custom_padding=\"0||0px||false|false\" use_custom_width=\"on\" width_unit=\"off\" custom_width_percent=\"100%\" locked=\"off\" global_colors_info=\"{}\"][et_pb_column type=\"1_2\" _builder_version=\"4.16\" custom_padding=\"|||\" global_colors_info=\"{}\" custom_padding__hover=\"|||\"][et_pb_blurb title=\"Ex\u00e1menes Extempor\u00e1neos\" content_max_width=\"1100px\" content_max_width_last_edited=\"off|desktop\" _builder_version=\"4.16\" header_font=\"Alata|700||on|||||\" header_font_size=\"14px\" header_letter_spacing=\"5px\" header_line_height=\"2em\" body_font=\"||||||||\" background_color=\"#252e52\" background_color_gradient_direction=\"90deg\" text_orientation=\"right\" background_layout=\"dark\" custom_padding=\"20px|40px|12px|40px|false|true\" animation_style=\"slide\" animation_direction=\"left\" animation_intensity_slide=\"5%\" border_radii=\"||100px|100px|\" locked=\"off\" global_colors_info=\"{}\"][\/et_pb_blurb][\/et_pb_column][et_pb_column type=\"1_2\" specialty_columns=\"2\" _builder_version=\"4.16\" custom_padding=\"|||\" global_colors_info=\"{}\" custom_padding__hover=\"|||\"][\/et_pb_column][\/et_pb_section]<\/p>\n<!-- \/wp:paragraph -->\n\n<!-- wp:shortcode -->\n[et_pb_section fb_built=\"1\" admin_label=\"Features CTA Section\" _builder_version=\"4.16\" background_color=\"#FFFFFF\" custom_padding=\"23px|0px|0px|0px||\" saved_tabs=\"all\" global_colors_info=\"{}\"][et_pb_row column_structure=\"1_2,1_2\" admin_label=\"Right Sided Image\" _builder_version=\"4.17.3\" width=\"100%\" max_width=\"80%\" min_height=\"395px\" custom_padding=\"46px|0px|60px|0px||\" global_colors_info=\"{}\"][et_pb_column type=\"1_2\" _builder_version=\"4.16\" custom_padding=\"|||\" animation_style=\"zoom\" animation_direction=\"right\" animation_intensity_zoom=\"5%\" global_colors_info=\"{}\" custom_padding__hover=\"|||\"][et_pb_accordion _builder_version=\"4.17.3\" _module_preset=\"default\" body_font=\"ABeeZee||||||||\" body_font_size=\"20px\" hover_enabled=\"0\" global_colors_info=\"{}\" link_option_url=\"\" sticky_enabled=\"0\"][et_pb_accordion_item title=\"Examen Extempor\u00e1neo - Ingl\u00e9s\" open=\"on\" _builder_version=\"4.17.3\" _module_preset=\"default\" link_option_url=\"\" global_colors_info=\"{}\" toggle_text_color=\"#1d3560\" toggle_level=\"h1\" toggle_font=\"ABeeZee|700|||||||\" toggle_font_size=\"32px\"]\n<ul>\n \t<li><strong>Valor del examen:<\/strong>Q75.00<\/li>\n \t<li><strong>Fechas de asignaci\u00f3n:<\/strong> Del 02 al 16 de enero<\/li>\n \t<li><strong>Fechas de evaluaci\u00f3n: Mi\u00e9rcoles 17 de enero de 2024<\/strong><\/li>\n<\/ul>\n\n[\/et_pb_accordion_item][\/et_pb_accordion][\/et_pb_column][et_pb_column type=\"1_2\" _builder_version=\"4.16\" custom_padding=\"|||\" global_colors_info=\"{}\" custom_padding__hover=\"|||\"][et_pb_button button_url=\"https:\/\/www.usac.edu.gt\/calusacbol.php\" button_text=\"Genera la orden de pago Q75.00\" _builder_version=\"4.16\" _dynamic_attributes=\"button_url\" _module_preset=\"default\" custom_button=\"on\" button_text_color=\"#FFFFFF\" button_bg_color=\"#009fdd\" button_border_width=\"0px\" custom_margin=\"||13px|||\" global_colors_info=\"{}\" button_text_color__hover_enabled=\"on|hover\" button_text_color__hover=\"#FFFFFF\" button_bg_color__hover_enabled=\"on|hover\" button_bg_color__hover=\"#38669f\" button_bg_enable_color__hover=\"on\"][\/et_pb_button][et_pb_button button_url=\"https:\/\/forms.gle\/Qzetrif6zCH217FA9\" button_text=\"Formulario de asignaci\u00f3n\" _builder_version=\"4.16\" _dynamic_attributes=\"button_url\" _module_preset=\"default\" custom_button=\"on\" button_text_color=\"#FFFFFF\" button_bg_color=\"#009fdd\" button_border_width=\"0px\" custom_margin=\"||13px|||\" global_colors_info=\"{}\" button_text_color__hover_enabled=\"on|hover\" button_text_color__hover=\"#FFFFFF\" button_bg_color__hover_enabled=\"on|hover\" button_bg_color__hover=\"#38669f\" button_bg_enable_color__hover=\"on\"][\/et_pb_button][\/et_pb_column][\/et_pb_row][et_pb_row admin_label=\"Right Sided Image\" _builder_version=\"4.17.3\" width=\"100%\" max_width=\"80%\" min_height=\"168px\" custom_padding=\"46px|0px|60px|0px||\" global_colors_info=\"{}\"][et_pb_column type=\"4_4\" _builder_version=\"4.16\" _module_preset=\"default\" global_colors_info=\"{}\"][et_pb_text _builder_version=\"4.17.3\" text_font=\"ABeeZee|700|||||||\" text_text_color=\"#959baf\" text_line_height=\"1.8em\" link_font=\"ABeeZee||||||||\" link_font_size=\"13px\" header_font=\"ABeeZee||||||||\" header_text_align=\"left\" header_2_font=\"Alata|700|||||||\" header_2_text_color=\"#535b7c\" header_2_font_size=\"35px\" header_2_line_height=\"1.3em\" max_width=\"700px\" module_alignment=\"center\" custom_margin=\"||18px|||\" animation_style=\"zoom\" hover_enabled=\"0\" box_shadow_style=\"preset1\" box_shadow_color=\"rgba(12,113,195,0.3)\" locked=\"off\" global_colors_info=\"{}\" link_option_url=\"\" sticky_enabled=\"0\"]\n<h2 style=\"text-align: center;\"><strong>Examen extempor\u00e1neo 4to. Bimestre 2023<\/strong><\/h2>\n[\/et_pb_text][\/et_pb_column][\/et_pb_row][\/et_pb_section]\n<!-- \/wp:shortcode -->\n\n<!-- wp:paragraph -->\n<p>[et_pb_section fb_built=\"1\" prev_background_color=\"#ffffff\" admin_label=\"Center Aligned Text \" _builder_version=\"4.16\" background_color=\"#1d3560\" background_color_gradient_direction=\"135deg\" background_enable_image=\"off\" background_blend=\"overlay\" custom_padding=\"0px|0px|0px|0px|false|false\" top_divider_style=\"asymmetric4\" top_divider_flip=\"vertical\" bottom_divider_flip=\"vertical\" animation_direction=\"bottom\" locked=\"off\" global_colors_info=\"{}\"][\/et_pb_section]<\/p>\n<!-- \/wp:paragraph -->\n\n<!-- wp:paragraph -->\n<p><\/p>\n<!-- \/wp:paragraph -->","_et_gb_content_width":"2880","_eb_attr":"","footnotes":""},"class_list":["post-6760","page","type-page","status-publish","hentry"],"_links":{"self":[{"href":"https:\/\/calusacusac.usac.edu.gt\/index.php\/wp-json\/wp\/v2\/pages\/6760","targetHints":{"allow":["GET"]}}],"collection":[{"href":"https:\/\/calusacusac.usac.edu.gt\/index.php\/wp-json\/wp\/v2\/pages"}],"about":[{"href":"https:\/\/calusacusac.usac.edu.gt\/index.php\/wp-json\/wp\/v2\/types\/page"}],"author":[{"embeddable":true,"href":"https:\/\/calusacusac.usac.edu.gt\/index.php\/wp-json\/wp\/v2\/users\/4"}],"replies":[{"embeddable":true,"href":"https:\/\/calusacusac.usac.edu.gt\/index.php\/wp-json\/wp\/v2\/comments?post=6760"}],"version-history":[{"count":71,"href":"https:\/\/calusacusac.usac.edu.gt\/index.php\/wp-json\/wp\/v2\/pages\/6760\/revisions"}],"predecessor-version":[{"id":8935,"href":"https:\/\/calusacusac.usac.edu.gt\/index.php\/wp-json\/wp\/v2\/pages\/6760\/revisions\/8935"}],"wp:attachment":[{"href":"https:\/\/calusacusac.usac.edu.gt\/index.php\/wp-json\/wp\/v2\/media?parent=6760"}],"curies":[{"name":"wp","href":"https:\/\/api.w.org\/{rel}","templated":true}]}}