{"id":7468,"date":"2024-12-03T20:39:23","date_gmt":"2024-12-03T20:39:23","guid":{"rendered":"https:\/\/calusacusac.usac.edu.gt\/?page_id=7468"},"modified":"2025-05-19T20:50:53","modified_gmt":"2025-05-19T20:50:53","slug":"exa-suficiencia-re","status":"publish","type":"page","link":"https:\/\/calusacusac.usac.edu.gt\/index.php\/exa-suficiencia-re\/","title":{"rendered":"RE-IMPRESI\u00d3N DE CERTIFICACI\u00d3N DE EXAMEN POR SUFICIENCIA"},"content":{"rendered":"<p>[et_pb_section fb_built=\u00bb1&#8243; use_custom_gutter=\u00bbon\u00bb gutter_width=\u00bb2&#8243; specialty=\u00bbon\u00bb padding_top_1=\u00bb0px\u00bb padding_top_2=\u00bb0px\u00bb padding_bottom_1=\u00bb0px\u00bb padding_bottom_2=\u00bb0px\u00bb padding_top_bottom_link_1=\u00bbtrue\u00bb padding_top_bottom_link_2=\u00bbtrue\u00bb admin_label=\u00bbButton Bar\u00bb _builder_version=\u00bb4.16&#8243; background_color=\u00bb#FFFFFF\u00bb inner_width=\u00bb100%\u00bb inner_max_width=\u00bb100%\u00bb custom_margin=\u00bb||||false|false\u00bb custom_padding=\u00bb0||0px||false|false\u00bb use_custom_width=\u00bbon\u00bb width_unit=\u00bboff\u00bb custom_width_percent=\u00bb100%\u00bb global_colors_info=\u00bb{}\u00bb][et_pb_column type=\u00bb1_2&#8243; _builder_version=\u00bb4.16&#8243; custom_padding=\u00bb|||\u00bb global_colors_info=\u00bb{}\u00bb custom_padding__hover=\u00bb|||\u00bb][et_pb_blurb title=\u00bbRE-IMPRESI\u00d3N DE CERTIFICACI\u00d3N DE EXAMEN por SUFICIENCIA\u00bb content_max_width=\u00bb1100px\u00bb content_max_width_last_edited=\u00bboff|desktop\u00bb _builder_version=\u00bb4.16&#8243; header_font=\u00bbAlata|700||on|||||\u00bb header_font_size=\u00bb14px\u00bb header_letter_spacing=\u00bb5px\u00bb header_line_height=\u00bb2em\u00bb body_font=\u00bb||||||||\u00bb background_color=\u00bb#252e52&#8243; background_color_gradient_direction=\u00bb90deg\u00bb text_orientation=\u00bbright\u00bb background_layout=\u00bbdark\u00bb custom_padding=\u00bb20px|40px|12px|40px|false|true\u00bb animation_style=\u00bbslide\u00bb animation_direction=\u00bbleft\u00bb animation_intensity_slide=\u00bb5%\u00bb border_radii=\u00bb||100px|100px|\u00bb locked=\u00bboff\u00bb global_colors_info=\u00bb{}\u00bb][\/et_pb_blurb][\/et_pb_column][et_pb_column type=\u00bb1_2&#8243; specialty_columns=\u00bb2&#8243; _builder_version=\u00bb4.16&#8243; custom_padding=\u00bb|||\u00bb global_colors_info=\u00bb{}\u00bb custom_padding__hover=\u00bb|||\u00bb][\/et_pb_column][\/et_pb_section][et_pb_section fb_built=\u00bb1&#8243; admin_label=\u00bbFeatures CTA Section\u00bb _builder_version=\u00bb4.16&#8243; background_color=\u00bb#FFFFFF\u00bb custom_padding=\u00bb23px|0px|0px|0px||\u00bb saved_tabs=\u00bball\u00bb global_colors_info=\u00bb{}\u00bb][et_pb_row admin_label=\u00bbRight Sided Image\u00bb _builder_version=\u00bb4.16&#8243; width=\u00bb100%\u00bb max_width=\u00bb80%\u00bb custom_margin=\u00bb-18px|auto||auto||\u00bb custom_padding=\u00bb8px|0px|10px|0px||\u00bb global_colors_info=\u00bb{}\u00bb][et_pb_column type=\u00bb4_4&#8243; _builder_version=\u00bb4.16&#8243; custom_padding=\u00bb|||\u00bb global_colors_info=\u00bb{}\u00bb custom_padding__hover=\u00bb|||\u00bb][et_pb_text _builder_version=\u00bb4.27.0&#8243; text_font=\u00bbABeeZee||||||||\u00bb text_text_color=\u00bb#959baf\u00bb text_line_height=\u00bb1.8em\u00bb link_font=\u00bbABeeZee||||||||\u00bb header_font=\u00bbABeeZee||||||||\u00bb header_text_align=\u00bbleft\u00bb header_2_font=\u00bbAlata|700|||||||\u00bb header_2_text_color=\u00bb#535b7c\u00bb header_2_font_size=\u00bb35px\u00bb header_2_line_height=\u00bb1.3em\u00bb max_width=\u00bb700px\u00bb module_alignment=\u00bbleft\u00bb min_height=\u00bb106.7px\u00bb custom_margin=\u00bb||15px|||\u00bb custom_padding=\u00bb||0px|||\u00bb global_colors_info=\u00bb{}\u00bb]<\/p>\n<h2><strong data-rich-text-format-boundary=\"true\">\u00a0VALOR<\/strong><\/h2>\n<h4><strong>Q.25.00<\/strong><\/h4>\n<p>[\/et_pb_text][\/et_pb_column][\/et_pb_row][et_pb_row admin_label=\u00bbRight Sided Image\u00bb _builder_version=\u00bb4.16&#8243; width=\u00bb100%\u00bb max_width=\u00bb80%\u00bb module_alignment=\u00bbcenter\u00bb min_height=\u00bb620.9px\u00bb custom_padding=\u00bb8px|0px|17px|0px||\u00bb global_colors_info=\u00bb{}\u00bb][et_pb_column type=\u00bb4_4&#8243; _builder_version=\u00bb4.16&#8243; custom_padding=\u00bb|||\u00bb global_colors_info=\u00bb{}\u00bb custom_padding__hover=\u00bb|||\u00bb][et_pb_text _builder_version=\u00bb4.17.3&#8243; text_font=\u00bbABeeZee||||||||\u00bb text_text_color=\u00bb#959baf\u00bb text_line_height=\u00bb1.8em\u00bb link_font=\u00bbABeeZee||||||||\u00bb header_font=\u00bbABeeZee||||||||\u00bb header_text_align=\u00bbleft\u00bb header_2_font=\u00bbAlata|700|||||||\u00bb header_2_text_color=\u00bb#535b7c\u00bb header_2_font_size=\u00bb35px\u00bb header_2_line_height=\u00bb1.3em\u00bb max_width=\u00bb877px\u00bb module_alignment=\u00bbleft\u00bb min_height=\u00bb524.5px\u00bb custom_margin=\u00bb11px|||||\u00bb global_colors_info=\u00bb{}\u00bb]<\/p>\n<h2><strong>PROCESO DE SOLICITUD<\/strong><\/h2>\n<p><strong><\/strong><\/p>\n<p><strong><\/strong><\/p>\n<p><span>\u2022 Ingresa a <a href=\"https:\/\/redcalusac.usac.edu.gt\/#\/welcome\">http:\/\/redcalusac.usac.edu.gt\/#\/welcome<\/a><\/span><a href=\"https:\/\/usac-enlinea.web.app\/#\/welcome\"><br \/><\/a><span>\u2022 Reg\u00edstrate y confirma tu cuenta. Si ya est\u00e1s registrado ingresa con tu usuario y contrase\u00f1a.<\/span><br \/><span>\u2022 Haz clic en:<\/span><br \/><span>\u25ba CALUSAC<\/span><br \/><span>\u25ba Certificaci\u00f3n de examen por suficiencia<\/span><br \/><span>\u25ba \u201c+\u201d<\/span><br \/><span>\u2022 Llena el formulario y adjunta la informaci\u00f3n solicitada<\/span><br \/><span>\u25ba Selecciona Idioma<\/span><br \/><span>\u25ba Selecciona fecha de evaluaci\u00f3n<\/span><br \/><span>\u25ba Adjunta fotograf\u00eda de DPI\/Pasaporte y del certificado del examen por suficiencia<\/span><br \/><span>\u2022 Genera la orden de pago<\/span><br \/><span>\u2022 Efect\u00faa el pago de Q25.00 en cualquier agencia o banca virtual Banrural, Bantrab o G&amp;T<\/span><br \/><span>\u2022 Despu\u00e9s de haber realizado el pago, la solicitud ser\u00e1 validada por un operador de CALUSAC y se te contactar\u00e1 por correo electr\u00f3nico<\/span><br \/><span>\u2022 Ingrese de nuevo a la WebApp CALUSAC, ingresa al modulo de Reimpresi\u00f3n de Certificaci\u00f3n por Suficiencia y clic en Imprimir.<\/span><\/p>\n<p><span><\/span><\/p>\n<p><span><\/span><\/p>\n<p>[\/et_pb_text][\/et_pb_column][\/et_pb_row][et_pb_row column_structure=\u00bb1_2,1_2&#8243; _builder_version=\u00bb4.27.4&#8243; background_size=\u00bbinitial\u00bb background_position=\u00bbtop_left\u00bb background_repeat=\u00bbrepeat\u00bb custom_margin=\u00bb|||\u00bb hover_enabled=\u00bb0&#8243; locked=\u00bboff\u00bb global_colors_info=\u00bb{}\u00bb sticky_enabled=\u00bb0&#8243;][et_pb_column type=\u00bb1_2&#8243; _builder_version=\u00bb4.16&#8243; custom_padding=\u00bb40px|||\u00bb global_colors_info=\u00bb{}\u00bb custom_padding__hover=\u00bb|||\u00bb][et_pb_text _builder_version=\u00bb4.27.4&#8243; text_font=\u00bbABeeZee||||||||\u00bb text_text_color=\u00bb#959baf\u00bb text_line_height=\u00bb1.8em\u00bb link_font=\u00bbABeeZee||||||||\u00bb header_font=\u00bbABeeZee||||||||\u00bb header_text_align=\u00bbleft\u00bb header_2_font=\u00bbAlata|700|||||||\u00bb header_2_text_color=\u00bb#535b7c\u00bb header_2_font_size=\u00bb35px\u00bb header_2_line_height=\u00bb1.3em\u00bb max_width=\u00bb700px\u00bb module_alignment=\u00bbleft\u00bb custom_padding=\u00bb1px|4px||||\u00bb animation_style=\u00bbzoom\u00bb hover_enabled=\u00bb0&#8243; global_colors_info=\u00bb{}\u00bb sticky_enabled=\u00bb0&#8243;]<\/p>\n<h1><strong style=\"color: #535b7c; font-family: Alata, Helvetica, Arial, Lucida, sans-serif; font-size: 35px;\">ENCARGADA DEL PROCESO<\/strong><\/h1>\n<p>&nbsp;<\/p>\n<h1><\/h1>\n<h3><span><span style=\"color: #5b5c5e; font-size: medium; font-family: ABeeZee; font-weight: normal;\">\u26a0\ufe0fEnv\u00edanos tus dudas al correo <span style=\"color: #33cccc;\"><a href=\"mailto:dalvarez1@profesor.usac.edu.gt\" title=\"dalvarez1@profesor.usac.edu.gt\" style=\"color: #33cccc;\">dalvarez1@profesor.usac.edu.gt<\/a><\/span><\/span><\/span><\/h3>\n<p>[\/et_pb_text][\/et_pb_column][et_pb_column type=\u00bb1_2&#8243; _builder_version=\u00bb4.16&#8243; _module_preset=\u00bbdefault\u00bb global_colors_info=\u00bb{}\u00bb][et_pb_image src=\u00bbhttps:\/\/calusacusac.usac.edu.gt\/wp-content\/uploads\/2021\/08\/language-school-illustration-22.png\u00bb title_text=\u00bblanguage-school-illustration-22&#8243; _builder_version=\u00bb4.16&#8243; _module_preset=\u00bbdefault\u00bb width=\u00bb100%\u00bb global_colors_info=\u00bb{}\u00bb][\/et_pb_image][\/et_pb_column][\/et_pb_row][\/et_pb_section][et_pb_section fb_built=\u00bb1&#8243; prev_background_color=\u00bb#FFFFFF\u00bb admin_label=\u00bbCenter Aligned Text \u00bb _builder_version=\u00bb4.16&#8243; background_color=\u00bb#38669f\u00bb background_color_gradient_direction=\u00bb135deg\u00bb background_enable_image=\u00bboff\u00bb background_blend=\u00bboverlay\u00bb custom_margin=\u00bb||-4px|||\u00bb custom_padding=\u00bb0px|0px|60px|0px|false|false\u00bb top_divider_style=\u00bbasymmetric4&#8243; top_divider_flip=\u00bbvertical\u00bb bottom_divider_flip=\u00bbvertical\u00bb animation_direction=\u00bbbottom\u00bb locked=\u00bboff\u00bb global_colors_info=\u00bb{}\u00bb][\/et_pb_section]<\/p>\n","protected":false},"excerpt":{"rendered":"<p>\u00a0VALOR Q.25.00PROCESO DE SOLICITUD \u2022 Ingresa a http:\/\/redcalusac.usac.edu.gt\/#\/welcome\u2022 Reg\u00edstrate y confirma tu cuenta. Si ya est\u00e1s registrado ingresa con tu usuario y contrase\u00f1a.\u2022 Haz clic en:\u25ba CALUSAC\u25ba Certificaci\u00f3n de examen por suficiencia\u25ba \u201c+\u201d\u2022 Llena el formulario y adjunta la informaci\u00f3n solicitada\u25ba Selecciona Idioma\u25ba Selecciona fecha de evaluaci\u00f3n\u25ba Adjunta fotograf\u00eda de DPI\/Pasaporte y del certificado del [&hellip;]<\/p>\n","protected":false},"author":4,"featured_media":0,"parent":0,"menu_order":0,"comment_status":"closed","ping_status":"closed","template":"","meta":{"_et_pb_use_builder":"on","_et_pb_old_content":"","_et_gb_content_width":"","_eb_attr":"","footnotes":""},"class_list":["post-7468","page","type-page","status-publish","hentry"],"_links":{"self":[{"href":"https:\/\/calusacusac.usac.edu.gt\/index.php\/wp-json\/wp\/v2\/pages\/7468","targetHints":{"allow":["GET"]}}],"collection":[{"href":"https:\/\/calusacusac.usac.edu.gt\/index.php\/wp-json\/wp\/v2\/pages"}],"about":[{"href":"https:\/\/calusacusac.usac.edu.gt\/index.php\/wp-json\/wp\/v2\/types\/page"}],"author":[{"embeddable":true,"href":"https:\/\/calusacusac.usac.edu.gt\/index.php\/wp-json\/wp\/v2\/users\/4"}],"replies":[{"embeddable":true,"href":"https:\/\/calusacusac.usac.edu.gt\/index.php\/wp-json\/wp\/v2\/comments?post=7468"}],"version-history":[{"count":8,"href":"https:\/\/calusacusac.usac.edu.gt\/index.php\/wp-json\/wp\/v2\/pages\/7468\/revisions"}],"predecessor-version":[{"id":7763,"href":"https:\/\/calusacusac.usac.edu.gt\/index.php\/wp-json\/wp\/v2\/pages\/7468\/revisions\/7763"}],"wp:attachment":[{"href":"https:\/\/calusacusac.usac.edu.gt\/index.php\/wp-json\/wp\/v2\/media?parent=7468"}],"curies":[{"name":"wp","href":"https:\/\/api.w.org\/{rel}","templated":true}]}}